{"id":921,"date":"2023-04-05T13:47:07","date_gmt":"2023-04-05T20:47:07","guid":{"rendered":"https:\/\/youmedical.org\/unidad-movil\/"},"modified":"2023-05-17T11:08:29","modified_gmt":"2023-05-17T18:08:29","slug":"unidad-movil","status":"publish","type":"page","link":"https:\/\/youmedical.org\/es\/unidad-movil\/","title":{"rendered":"Unidad m\u00f3vil"},"content":{"rendered":"\n<p>\u00a1Ofrecemos confirmaci\u00f3n de embarazo en nuestra unidad m\u00f3vil You Medical!  <strong>Llega a Pasco este verano.  <\/strong><\/p>\n\n<p>Obtenga las respuestas que necesita para confirmar los detalles de su embarazo y seguir adelante con la decisi\u00f3n de quedarse embarazada. Te mereces los hechos.<\/p>\n\n<p>Aqu\u00ed encontrar\u00e1 m\u00e1s informaci\u00f3n sobre nuestros servicios para embarazadas, gratuitos y totalmente confidenciales.<\/p>\n\n<h2 class=\"wp-block-heading\">Pruebas de embarazo  <\/h2>\n\n<p>Seg\u00fan la <a rel=\"noreferrer noopener nofollow external\" href=\"https:\/\/www.mayoclinic.org\/healthy-lifestyle\/getting-pregnant\/in-depth\/home-pregnancy-tests\/art-20047940\" target=\"_blank\" data-wpel-link=\"external\">Cl\u00ednica Mayo<\/a>, algunas pruebas de embarazo caseras son m\u00e1s sensibles que otras, lo que determina cu\u00e1ndo debe realizarlas una mujer.<\/p>\n\n<p>Pide una segunda opini\u00f3n para verificar la eficacia de tu prueba de embarazo casera. Nuestras pruebas gratuitas son de calidad m\u00e9dica y muy precisas. Adem\u00e1s, los profesionales m\u00e9dicos prestan todos los servicios m\u00e9dicos, por lo que puede estar seguro de que est\u00e1 realizando la prueba correctamente.<\/p>\n\n<p>Programe una <a rel=\"noreferrer noopener\" href=\"https:\/\/youmedical.org\/es\/servicios\/ecografias\/\" target=\"_blank\" data-wpel-link=\"internal\">ecograf\u00eda<\/a> obst\u00e9trica limitada gratuita en You Medical para verificar su embarazo. Podemos ayudarle a obtener las respuestas que necesita.<\/p>\n\n<h2 class=\"wp-block-heading\">Ecograf\u00edas gratuitas<\/h2>\n\n<p>Nuestro ecografista realiza nuestras ecograf\u00edas obst\u00e9tricas limitadas sin coste colocando un gel en la parte exterior de su abdomen. A continuaci\u00f3n, el ecografista frota un instrumento en forma de varita llamado transductor a trav\u00e9s del gel, que capta las ondas sonoras y las traduce en im\u00e1genes.<\/p>\n\n<h2 class=\"wp-block-heading\">Pruebas de ETS\/ITS gratuitas\/de bajo coste<\/h2>\n\n<p>En You Medical, ofrecemos pruebas y tratamiento limitados de ETS\/ITS. Reciba tratamiento para la clamidia y la gonorrea y una consulta de enfermer\u00eda y seguimiento sin coste alguno. Tambi\u00e9n podemos proporcionar pruebas de PAP, si es necesario.<\/p>\n\n<h2 class=\"wp-block-heading\">Pr\u00f3ximos pasos<\/h2>\n\n<p>Una vez que haya recibido un resultado positivo en la prueba de embarazo de You Medical y se haya sometido a una ecograf\u00eda limitada, un miembro de nuestro compasivo personal se reunir\u00e1 con usted para hablar de sus opciones y ofrecerle apoyo. Nos comprometemos a proporcionarle todo lo que necesita para tomar una decisi\u00f3n informada para su futuro.<\/p>\n\n<p>Todas las citas son confidenciales y gratuitas. Le animamos a que acuda a sus citas con su pareja, un familiar o un amigo de confianza.<\/p>\n\n<p>Usted es nuestra prioridad en You Medical.<\/p>\n","protected":false},"excerpt":{"rendered":"<p>\u00a1Ofrecemos confirmaci\u00f3n de embarazo en nuestra unidad m\u00f3vil You Medical! Llega a Pasco este verano. Obtenga las respuestas que necesita para confirmar los detalles de su embarazo y seguir adelante con la decisi\u00f3n de quedarse embarazada. Te mereces los hechos. Aqu\u00ed encontrar\u00e1 m\u00e1s informaci\u00f3n sobre nuestros servicios para embarazadas, gratuitos y totalmente confidenciales. Pruebas de<\/p>\n","protected":false},"author":2,"featured_media":0,"parent":0,"menu_order":0,"comment_status":"closed","ping_status":"closed","template":"","meta":{"_acf_changed":false,"footnotes":""},"class_list":["post-921","page","type-page","status-publish","hentry"],"acf":[],"yoast_head":"<!-- This site is optimized with the Yoast SEO plugin v27.3 - https:\/\/yoast.com\/product\/yoast-seo-wordpress\/ -->\n<title>Unidad m\u00f3vil | You Medical<\/title>\n<meta name=\"description\" content=\"Read more about Unidad m\u00f3vil. You Medical offers free pregnancy services. Contact us.\" \/>\n<meta name=\"robots\" content=\"index, follow, max-snippet:-1, max-image-preview:large, max-video-preview:-1\" \/>\n<link rel=\"canonical\" href=\"https:\/\/youmedical.org\/mobile-unit\/\" \/>\n<meta property=\"og:locale\" content=\"es_ES\" \/>\n<meta property=\"og:type\" content=\"article\" \/>\n<meta property=\"og:title\" content=\"Unidad m\u00f3vil | You Medical\" \/>\n<meta property=\"og:description\" content=\"Read more about Unidad m\u00f3vil. You Medical offers free pregnancy services. Contact us.\" \/>\n<meta property=\"og:url\" content=\"https:\/\/youmedical.org\/mobile-unit\/\" \/>\n<meta property=\"og:site_name\" content=\"You Medical\" \/>\n<meta property=\"article:modified_time\" content=\"2023-05-17T18:08:29+00:00\" \/>\n<meta name=\"twitter:card\" content=\"summary_large_image\" \/>\n<meta name=\"twitter:label1\" content=\"Tiempo de lectura\" \/>\n\t<meta name=\"twitter:data1\" content=\"2 minutos\" \/>\n<!-- \/ Yoast SEO plugin. -->","yoast_head_json":{"title":"Unidad m\u00f3vil | You Medical","description":"Read more about Unidad m\u00f3vil. You Medical offers free pregnancy services. Contact us.","robots":{"index":"index","follow":"follow","max-snippet":"max-snippet:-1","max-image-preview":"max-image-preview:large","max-video-preview":"max-video-preview:-1"},"canonical":"https:\/\/youmedical.org\/mobile-unit\/","og_locale":"es_ES","og_type":"article","og_title":"Unidad m\u00f3vil | You Medical","og_description":"Read more about Unidad m\u00f3vil. You Medical offers free pregnancy services. Contact us.","og_url":"https:\/\/youmedical.org\/mobile-unit\/","og_site_name":"You Medical","article_modified_time":"2023-05-17T18:08:29+00:00","twitter_card":"summary_large_image","twitter_misc":{"Tiempo de lectura":"2 minutos"},"schema":{"@context":"https:\/\/schema.org","@graph":[{"@type":"WebPage","@id":"https:\/\/youmedical.org\/mobile-unit\/","url":"https:\/\/youmedical.org\/mobile-unit\/","name":"Unidad m\u00f3vil | You Medical","isPartOf":{"@id":"https:\/\/youmedical.org\/#website"},"datePublished":"2023-04-05T20:47:07+00:00","dateModified":"2023-05-17T18:08:29+00:00","description":"Read more about Unidad m\u00f3vil. You Medical offers free pregnancy services. Contact us.","breadcrumb":{"@id":"https:\/\/youmedical.org\/mobile-unit\/#breadcrumb"},"inLanguage":"es","potentialAction":[{"@type":"ReadAction","target":["https:\/\/youmedical.org\/mobile-unit\/"]}]},{"@type":"BreadcrumbList","@id":"https:\/\/youmedical.org\/mobile-unit\/#breadcrumb","itemListElement":[{"@type":"ListItem","position":1,"name":"Home","item":"https:\/\/youmedical.org\/es\/"},{"@type":"ListItem","position":2,"name":"Unidad m\u00f3vil"}]},{"@type":"WebSite","@id":"https:\/\/youmedical.org\/#website","url":"https:\/\/youmedical.org\/","name":"You Medical","description":"","potentialAction":[{"@type":"SearchAction","target":{"@type":"EntryPoint","urlTemplate":"https:\/\/youmedical.org\/?s={search_term_string}"},"query-input":{"@type":"PropertyValueSpecification","valueRequired":true,"valueName":"search_term_string"}}],"inLanguage":"es"}]}},"_links":{"self":[{"href":"https:\/\/youmedical.org\/es\/wp-json\/wp\/v2\/pages\/921","targetHints":{"allow":["GET"]}}],"collection":[{"href":"https:\/\/youmedical.org\/es\/wp-json\/wp\/v2\/pages"}],"about":[{"href":"https:\/\/youmedical.org\/es\/wp-json\/wp\/v2\/types\/page"}],"author":[{"embeddable":true,"href":"https:\/\/youmedical.org\/es\/wp-json\/wp\/v2\/users\/2"}],"replies":[{"embeddable":true,"href":"https:\/\/youmedical.org\/es\/wp-json\/wp\/v2\/comments?post=921"}],"version-history":[{"count":1,"href":"https:\/\/youmedical.org\/es\/wp-json\/wp\/v2\/pages\/921\/revisions"}],"predecessor-version":[{"id":1005,"href":"https:\/\/youmedical.org\/es\/wp-json\/wp\/v2\/pages\/921\/revisions\/1005"}],"wp:attachment":[{"href":"https:\/\/youmedical.org\/es\/wp-json\/wp\/v2\/media?parent=921"}],"curies":[{"name":"wp","href":"https:\/\/api.w.org\/{rel}","templated":true}]}}