{"id":878,"date":"2021-05-27T06:31:32","date_gmt":"2021-05-27T13:31:32","guid":{"rendered":"https:\/\/youmedical.org\/opciones\/aborto\/"},"modified":"2024-01-08T21:32:15","modified_gmt":"2024-01-09T05:32:15","slug":"aborto","status":"publish","type":"page","link":"https:\/\/youmedical.org\/es\/opciones\/aborto\/","title":{"rendered":"Aborto"},"content":{"rendered":"\n<p>El aborto es una decisi\u00f3n seria que cambia la vida. Programe su prueba de embarazo gratuita y una ecograf\u00eda para determinar si tiene un embarazo uterino viable antes de concertar una cita.<\/p>\n\n<h2 class=\"wp-block-heading\">Tipos de aborto<\/h2>\n\n<p>Hay dos tipos de aborto, el m\u00e9dico y el quir\u00fargico. Cada uno de ellos tiene diferentes efectos secundarios y riesgos potenciales. El n\u00famero de semanas de embarazo determina el m\u00e9todo de aborto que se le practicar\u00e1.<\/p>\n\n<h3 class=\"wp-block-heading\">Aborto m\u00e9dico<\/h3>\n\n<p>La p\u00edldora abortiva es un m\u00e9todo de aborto m\u00e9dico o qu\u00edmico. La <a rel=\"noreferrer noopener nofollow external\" href=\"https:\/\/www.fda.gov\/drugs\/postmarket-drug-safety-information-patients-and-providers\/information-about-mifepristone-medical-termination-pregnancy-through-ten-weeks-gestation\" data-type=\"URL\" data-id=\"https:\/\/www.fda.gov\/drugs\/postmarket-drug-safety-information-patients-and-providers\/information-about-mifepristone-medical-termination-pregnancy-through-ten-weeks-gestation\" target=\"_blank\" data-wpel-link=\"external\">FDA<\/a> ha aprobado este m\u00e9todo s\u00f3lo hasta las diez semanas de gestaci\u00f3n (70 d\u00edas o menos desde el primer d\u00eda del \u00faltimo periodo menstrual de la paciente).  <\/p>\n\n<p>El aborto m\u00e9dico utiliza dos f\u00e1rmacos para interrumpir el embarazo. El primer f\u00e1rmaco, la mifepristona, impide que el \u00fatero absorba una hormona llamada progesterona. Sin progesterona, un embarazo no puede sobrevivir.<\/p>\n\n<p>El segundo f\u00e1rmaco, el misoprostol, hace que el \u00fatero se contraiga para eliminar el embarazo a trav\u00e9s de la vagina.  <\/p>\n\n<h4 class=\"wp-block-heading\">Efectos secundarios de la p\u00edldora abortiva<\/h4>\n\n<p>Todo aborto conlleva hemorragias y calambres adicionales. Seg\u00fan la <a href=\"https:\/\/www.mayoclinic.org\/tests-procedures\/medical-abortion\/about\/pac-20394687\" data-type=\"URL\" data-id=\"https:\/\/www.mayoclinic.org\/tests-procedures\/medical-abortion\/about\/pac-20394687\" target=\"_blank\" rel=\"noreferrer noopener nofollow external\" data-wpel-link=\"external\">Cl\u00ednica Mayo<\/a>, los siguientes son otros posibles efectos secundarios:<\/p>\n\n<ul class=\"wp-block-list\">\n<li>N\u00e1useas<\/li>\n\n\n\n<li>V\u00f3mitos<\/li>\n\n\n\n<li>Fiebre<\/li>\n\n\n\n<li>Escalofr\u00edos<\/li>\n\n\n\n<li>Diarrea<\/li>\n\n\n\n<li>Dolor de cabeza<\/li>\n<\/ul>\n\n<h4 class=\"wp-block-heading\">Posibles riesgos de la p\u00edldora abortiva<\/h4>\n\n<p>El mismo art\u00edculo de la Cl\u00ednica Mayo enumera estos riesgos potenciales de la p\u00edldora abortiva:<\/p>\n\n<ul class=\"wp-block-list\">\n<li>Aborto incompleto, que puede requerir un aborto quir\u00fargico.<\/li>\n\n\n\n<li>Un embarazo en curso si el procedimiento no funciona<\/li>\n\n\n\n<li>Hemorragia intensa y prolongada<\/li>\n\n\n\n<li>Infecci\u00f3n<\/li>\n\n\n\n<li>Fiebre<\/li>\n\n\n\n<li>Molestias del aparato digestivo<\/li>\n<\/ul>\n\n<h3 class=\"wp-block-heading\">Aborto quir\u00fargico<\/h3>\n\n<p>Existen varios tipos de aborto quir\u00fargico. El procedimiento que se le practique depender\u00e1 de lo avanzado que est\u00e9 el embarazo. El aborto quir\u00fargico en las primeras etapas del embarazo utiliza la aspiraci\u00f3n endouterina para succionar el embarazo.<\/p>\n\n<p>Los embarazos posteriores requieren dilataci\u00f3n y legrado (<a href=\"https:\/\/www.mayoclinic.org\/tests-procedures\/dilation-and-curettage\/about\/pac-20384910#:~:text=Dilation%20and%20curettage%20(D%26C)%20is,after%20a%20miscarriage%20or%20abortion.\" data-wpel-link=\"external\" target=\"_blank\" rel=\"nofollow external noopener noreferrer\">D&amp;C<\/a>) o dilataci\u00f3n y evacuaci\u00f3n (<a href=\"https:\/\/healthy.kaiserpermanente.org\/health-wellness\/health-encyclopedia\/he.dilation-and-evacuation-d-e.tw2462\" data-wpel-link=\"external\" target=\"_blank\" rel=\"nofollow external noopener noreferrer\">D&amp;E<\/a>). Estos m\u00e9todos combinan un dispositivo de vac\u00edo y una herramienta de raspado para extraer el contenido del \u00fatero. Tambi\u00e9n puede ser necesario utilizar f\u00f3rceps para extraer las partes m\u00e1s grandes del embarazo.<\/p>\n\n<h4 class=\"wp-block-heading\">Efectos secundarios del aborto quir\u00fargico<\/h4>\n\n<p>Seg\u00fan <a href=\"https:\/\/healthy.kaiserpermanente.org\/health-wellness\/health-encyclopedia\/he.dilation-and-evacuation-d-e.tw2462\" data-type=\"URL\" data-id=\"https:\/\/healthy.kaiserpermanente.org\/health-wellness\/health-encyclopedia\/he.dilation-and-evacuation-d-e.tw2462\" target=\"_blank\" rel=\"noreferrer noopener nofollow external\" data-wpel-link=\"external\">las investigaciones<\/a>, los siguientes son los posibles efectos secundarios y riesgos del aborto quir\u00fargico:<\/p>\n\n<ul class=\"wp-block-list\">\n<li>Sangrado<\/li>\n\n\n\n<li>Calambres<\/li>\n<\/ul>\n\n<h4 class=\"wp-block-heading\">Posibles riesgos del aborto quir\u00fargico<\/h4>\n\n<ul class=\"wp-block-list\">\n<li>Restos de tejido en el \u00fatero<\/li>\n\n\n\n<li>Lesi\u00f3n del cuello uterino<\/li>\n\n\n\n<li>Un agujero en la pared del \u00fatero (perforaci\u00f3n uterina)<\/li>\n\n\n\n<li>Hemorragia vaginal de moderada a grave<\/li>\n\n\n\n<li>Infecci\u00f3n<\/li>\n<\/ul>\n\n<h2 class=\"wp-block-heading\">Efectos psicol\u00f3gicos del aborto<\/h2>\n\n<p>Una <a href=\"https:\/\/www.ncbi.nlm.nih.gov\/pmc\/articles\/PMC6207970\/\" data-type=\"URL\" data-id=\"https:\/\/www.ncbi.nlm.nih.gov\/pmc\/articles\/PMC6207970\/\" target=\"_blank\" rel=\"noreferrer noopener nofollow external\" data-wpel-link=\"external\">evaluaci\u00f3n cient\u00edfica<\/a> de los efectos del aborto mental lleg\u00f3 a la siguiente conclusi\u00f3n:<\/p>\n\n<ul class=\"wp-block-list\">\n<li>El aborto se asocia sistem\u00e1ticamente a tasas elevadas de enfermedades mentales en comparaci\u00f3n con las mujeres sin antecedentes de aborto.<\/li>\n\n\n\n<li>La experiencia del aborto contribuye directamente a los problemas de salud mental de al menos algunas mujeres<\/li>\n\n\n\n<li>Hay factores de riesgo, como las enfermedades mentales preexistentes, que identifican a las mujeres con mayor riesgo de sufrir problemas de salud mental tras un aborto<\/li>\n<\/ul>\n\n<h2 class=\"wp-block-heading\">Estamos a su disposici\u00f3n<\/h2>\n\n<p>Pida cita para su prueba de embarazo y ecograf\u00eda gratuitas. Podemos verificar su embarazo, discutir su situaci\u00f3n y estudiar detenidamente todas sus opciones. Nadie puede obligarte a tomar una decisi\u00f3n que no quieres tomar. S\u00f3lo t\u00fa puedes decidir qu\u00e9 es lo mejor para ti.<\/p>\n\n<p>La informaci\u00f3n presentada en este sitio web est\u00e1 destinada exclusivamente a la educaci\u00f3n general y no debe utilizarse como sustituto del asesoramiento profesional o m\u00e9dico.<\/p>\n","protected":false},"excerpt":{"rendered":"<p>El aborto es una decisi\u00f3n m\u00e9dica seria que puede tener consecuencias f\u00edsicas y emocionales. Antes de programar un aborto, inf\u00f3rmate sobre los procedimientos, los efectos secundarios y los posibles riesgos. Podemos darle la informaci\u00f3n precisa que necesita.<\/p>\n","protected":false},"author":1,"featured_media":843,"parent":859,"menu_order":0,"comment_status":"closed","ping_status":"closed","template":"","meta":{"_acf_changed":false,"footnotes":""},"class_list":["post-878","page","type-page","status-publish","has-post-thumbnail","hentry"],"acf":[],"yoast_head":"<!-- This site is optimized with the Yoast SEO plugin v27.3 - https:\/\/yoast.com\/product\/yoast-seo-wordpress\/ -->\n<title>Aborto | You Medical<\/title>\n<meta name=\"description\" content=\"Read more about Aborto. You Medical offers free pregnancy services. Contact us.\" \/>\n<meta name=\"robots\" content=\"index, follow, max-snippet:-1, max-image-preview:large, max-video-preview:-1\" \/>\n<link rel=\"canonical\" href=\"https:\/\/youmedical.org\/es\/opciones\/aborto\/\" \/>\n<meta property=\"og:locale\" content=\"es_ES\" \/>\n<meta property=\"og:type\" content=\"article\" \/>\n<meta property=\"og:title\" content=\"Aborto | You Medical\" \/>\n<meta property=\"og:description\" content=\"Read more about Aborto. You Medical offers free pregnancy services. Contact us.\" \/>\n<meta property=\"og:url\" content=\"https:\/\/youmedical.org\/es\/opciones\/aborto\/\" \/>\n<meta property=\"og:site_name\" content=\"You Medical\" \/>\n<meta property=\"article:modified_time\" content=\"2024-01-09T05:32:15+00:00\" \/>\n<meta property=\"og:image\" content=\"https:\/\/youmedical.org\/wp-content\/uploads\/2023\/03\/Abortion-You-Medical-e1678427546118.jpg\" \/>\n\t<meta property=\"og:image:width\" content=\"1550\" \/>\n\t<meta property=\"og:image:height\" content=\"1550\" \/>\n\t<meta property=\"og:image:type\" content=\"image\/jpeg\" \/>\n<meta name=\"twitter:card\" content=\"summary_large_image\" \/>\n<meta name=\"twitter:label1\" content=\"Tiempo de lectura\" \/>\n\t<meta name=\"twitter:data1\" content=\"3 minutos\" \/>\n<!-- \/ Yoast SEO plugin. -->","yoast_head_json":{"title":"Aborto | You Medical","description":"Read more about Aborto. You Medical offers free pregnancy services. Contact us.","robots":{"index":"index","follow":"follow","max-snippet":"max-snippet:-1","max-image-preview":"max-image-preview:large","max-video-preview":"max-video-preview:-1"},"canonical":"https:\/\/youmedical.org\/es\/opciones\/aborto\/","og_locale":"es_ES","og_type":"article","og_title":"Aborto | You Medical","og_description":"Read more about Aborto. You Medical offers free pregnancy services. Contact us.","og_url":"https:\/\/youmedical.org\/es\/opciones\/aborto\/","og_site_name":"You Medical","article_modified_time":"2024-01-09T05:32:15+00:00","og_image":[{"width":1550,"height":1550,"url":"https:\/\/youmedical.org\/wp-content\/uploads\/2023\/03\/Abortion-You-Medical-e1678427546118.jpg","type":"image\/jpeg"}],"twitter_card":"summary_large_image","twitter_misc":{"Tiempo de lectura":"3 minutos"},"schema":{"@context":"https:\/\/schema.org","@graph":[{"@type":"WebPage","@id":"https:\/\/youmedical.org\/es\/opciones\/aborto\/","url":"https:\/\/youmedical.org\/es\/opciones\/aborto\/","name":"Aborto | You Medical","isPartOf":{"@id":"https:\/\/youmedical.org\/#website"},"primaryImageOfPage":{"@id":"https:\/\/youmedical.org\/es\/opciones\/aborto\/#primaryimage"},"image":{"@id":"https:\/\/youmedical.org\/es\/opciones\/aborto\/#primaryimage"},"thumbnailUrl":"https:\/\/youmedical.org\/wp-content\/uploads\/2023\/03\/Abortion-You-Medical-e1678427546118.jpg","datePublished":"2021-05-27T13:31:32+00:00","dateModified":"2024-01-09T05:32:15+00:00","description":"Read more about Aborto. You Medical offers free pregnancy services. Contact us.","breadcrumb":{"@id":"https:\/\/youmedical.org\/es\/opciones\/aborto\/#breadcrumb"},"inLanguage":"es","potentialAction":[{"@type":"ReadAction","target":["https:\/\/youmedical.org\/es\/opciones\/aborto\/"]}]},{"@type":"ImageObject","inLanguage":"es","@id":"https:\/\/youmedical.org\/es\/opciones\/aborto\/#primaryimage","url":"https:\/\/youmedical.org\/wp-content\/uploads\/2023\/03\/Abortion-You-Medical-e1678427546118.jpg","contentUrl":"https:\/\/youmedical.org\/wp-content\/uploads\/2023\/03\/Abortion-You-Medical-e1678427546118.jpg","width":1550,"height":1550},{"@type":"BreadcrumbList","@id":"https:\/\/youmedical.org\/es\/opciones\/aborto\/#breadcrumb","itemListElement":[{"@type":"ListItem","position":1,"name":"Home","item":"https:\/\/youmedical.org\/es\/"},{"@type":"ListItem","position":2,"name":"Opciones","item":"https:\/\/youmedical.org\/es\/opciones\/"},{"@type":"ListItem","position":3,"name":"Aborto"}]},{"@type":"WebSite","@id":"https:\/\/youmedical.org\/#website","url":"https:\/\/youmedical.org\/","name":"You Medical","description":"","potentialAction":[{"@type":"SearchAction","target":{"@type":"EntryPoint","urlTemplate":"https:\/\/youmedical.org\/?s={search_term_string}"},"query-input":{"@type":"PropertyValueSpecification","valueRequired":true,"valueName":"search_term_string"}}],"inLanguage":"es"}]}},"_links":{"self":[{"href":"https:\/\/youmedical.org\/es\/wp-json\/wp\/v2\/pages\/878","targetHints":{"allow":["GET"]}}],"collection":[{"href":"https:\/\/youmedical.org\/es\/wp-json\/wp\/v2\/pages"}],"about":[{"href":"https:\/\/youmedical.org\/es\/wp-json\/wp\/v2\/types\/page"}],"author":[{"embeddable":true,"href":"https:\/\/youmedical.org\/es\/wp-json\/wp\/v2\/users\/1"}],"replies":[{"embeddable":true,"href":"https:\/\/youmedical.org\/es\/wp-json\/wp\/v2\/comments?post=878"}],"version-history":[{"count":2,"href":"https:\/\/youmedical.org\/es\/wp-json\/wp\/v2\/pages\/878\/revisions"}],"predecessor-version":[{"id":1110,"href":"https:\/\/youmedical.org\/es\/wp-json\/wp\/v2\/pages\/878\/revisions\/1110"}],"up":[{"embeddable":true,"href":"https:\/\/youmedical.org\/es\/wp-json\/wp\/v2\/pages\/859"}],"wp:featuredmedia":[{"embeddable":true,"href":"https:\/\/youmedical.org\/es\/wp-json\/wp\/v2\/media\/843"}],"wp:attachment":[{"href":"https:\/\/youmedical.org\/es\/wp-json\/wp\/v2\/media?parent=878"}],"curies":[{"name":"wp","href":"https:\/\/api.w.org\/{rel}","templated":true}]}}