{"id":874,"date":"2023-02-10T10:46:22","date_gmt":"2023-02-10T18:46:22","guid":{"rendered":"https:\/\/youmedical.org\/servicios\/pruebas-de-embarazo\/"},"modified":"2023-05-17T11:08:29","modified_gmt":"2023-05-17T18:08:29","slug":"pruebas-de-embarazo","status":"publish","type":"page","link":"https:\/\/youmedical.org\/es\/servicios\/pruebas-de-embarazo\/","title":{"rendered":"Pruebas de embarazo"},"content":{"rendered":"\n<p>\u00bfHas mantenido recientemente relaciones sexuales sin protecci\u00f3n (o incluso con protecci\u00f3n) y ahora se te ha retrasado el periodo? Si se pregunta si est\u00e1 embarazada de forma inesperada, acuda a You Medical para someterse a una prueba de embarazo gratuita.  <\/p>\n\n<h2 class=\"wp-block-heading\">Primeros s\u00edntomas del embarazo<\/h2>\n\n<p>Un retraso en la menstruaci\u00f3n suele ser el primer signo de embarazo, pero tu ciclo mensual puede cambiar por otros motivos. Por ejemplo, el estr\u00e9s, los problemas hormonales, ganar o perder peso r\u00e1pidamente o determinados medicamentos pueden hacer que se salte la menstruaci\u00f3n.<\/p>\n\n<p>Existen otros signos precoces de embarazo. \u00bfLe suena alguna de ellas?<\/p>\n\n<ul class=\"wp-block-list\">\n<li>Senos sensibles e hinchados<\/li>\n\n\n\n<li>N\u00e1useas, con o sin v\u00f3mitos<\/li>\n\n\n\n<li>Aumento de la micci\u00f3n<\/li>\n\n\n\n<li>Fatiga<\/li>\n\n\n\n<li>Mal humor<\/li>\n\n\n\n<li>Aversiones o antojos alimentarios<\/li>\n\n\n\n<li>Ligeras manchas<\/li>\n<\/ul>\n\n<h2 class=\"wp-block-heading\">\u00bfC\u00f3mo funciona una prueba de embarazo?<\/h2>\n\n<p>El cuerpo de una mujer empieza a producir una hormona llamada gonadotropina cori\u00f3nica humana <a href=\"https:\/\/www.mayoclinic.org\/healthy-lifestyle\/getting-pregnant\/in-depth\/home-pregnancy-tests\/art-20047940\" data-wpel-link=\"external\" target=\"_blank\" rel=\"nofollow external noopener noreferrer\">(hCG)<\/a> cuando se queda embarazada por primera vez. Esta hormona se produce justo despu\u00e9s de que el \u00f3vulo fecundado se adhiera a la pared del \u00fatero de la mujer.  <\/p>\n\n<p>Una prueba de embarazo detecta la hormona hCG en la sangre o la orina de una mujer. En You Medical, realizamos pruebas de embarazo con hCG en orina de forma gratuita. Es posible someterse a un an\u00e1lisis de sangre, pero debe cumplir previamente unos criterios espec\u00edficos.  <\/p>\n\n<h2 class=\"wp-block-heading\">\u00bfY si ya me he hecho una prueba de embarazo casera?<\/h2>\n\n<p>Las <a rel=\"noreferrer noopener nofollow external\" href=\"https:\/\/medicine.wustl.edu\/news\/flaw-in-many-home-pregnancy-tests-can-return-false-negative-results\/\" data-type=\"URL\" data-id=\"https:\/\/medicine.wustl.edu\/news\/flaw-in-many-home-pregnancy-tests-can-return-false-negative-results\/\" target=\"_blank\" data-wpel-link=\"external\">investigaciones<\/a> han determinado que hasta un 5% de las pruebas de embarazo devuelven resultados que indican que una mujer no est\u00e1 embarazada cuando, en realidad, s\u00ed lo est\u00e1. Y seg\u00fan la <a rel=\"noreferrer noopener nofollow external\" href=\"https:\/\/www.mayoclinic.org\/healthy-lifestyle\/getting-pregnant\/in-depth\/home-pregnancy-tests\/art-20047940\" data-type=\"URL\" data-id=\"https:\/\/www.mayoclinic.org\/healthy-lifestyle\/getting-pregnant\/in-depth\/home-pregnancy-tests\/art-20047940\" target=\"_blank\" data-wpel-link=\"external\">Cl\u00ednica Mayo<\/a>, algunas pruebas de embarazo caseras son m\u00e1s sensibles que otras, lo que determina cu\u00e1ndo debe realizarlas una mujer.<\/p>\n\n<p>Pide una segunda opini\u00f3n para verificar la eficacia de tu prueba de embarazo casera. Nuestras pruebas gratuitas son de calidad m\u00e9dica y muy precisas. Adem\u00e1s, los profesionales m\u00e9dicos prestan todos los servicios m\u00e9dicos, por lo que puede estar seguro de que est\u00e1 realizando la prueba correctamente.<\/p>\n\n<h2 class=\"wp-block-heading\">Existe la posibilidad de que no est\u00e9 embarazada<\/h2>\n\n<p>El Colegio Americano de Obstetras y Ginec\u00f3logos<a rel=\"noreferrer noopener nofollow external\" href=\"https:\/\/www.ncbi.nlm.nih.gov\/books\/NBK532992\/\" data-type=\"URL\" data-id=\"https:\/\/www.ncbi.nlm.nih.gov\/books\/NBK532992\/\" target=\"_blank\" data-wpel-link=\"external\">(ACOG<\/a>) calcula que hasta el 26% de todos los embarazos acaban en aborto espont\u00e1neo. Las hormonas tardan un tiempo en volver a los niveles previos al embarazo, por lo que es posible obtener un resultado positivo en la prueba de embarazo aunque ya hayas abortado.  <\/p>\n\n<p>\u00bfC\u00f3mo saber si has abortado? Programe una <a href=\"https:\/\/youmedical.org\/es\/servicios\/ecografias\/\" data-type=\"URL\" data-id=\"https:\/\/youmedical.org\/services\/ultrasounds\/\" target=\"_blank\" rel=\"noreferrer noopener\" data-wpel-link=\"internal\">ecograf\u00eda<\/a> obst\u00e9trica limitada gratuita en You Medical para verificar su embarazo. Podemos ayudarle a obtener las respuestas que necesita.<\/p>\n","protected":false},"excerpt":{"rendered":"<p>La falta de la menstruaci\u00f3n suele ser el primer signo de embarazo, pero hay otros. Comprueba si tienes alg\u00fan otro s\u00edntoma de embarazo y programa tu prueba de embarazo gratuita con You Medical. Le daremos las respuestas que necesita.<\/p>\n","protected":false},"author":2,"featured_media":815,"parent":854,"menu_order":1,"comment_status":"closed","ping_status":"closed","template":"","meta":{"_acf_changed":false,"footnotes":""},"class_list":["post-874","page","type-page","status-publish","has-post-thumbnail","hentry"],"acf":[],"yoast_head":"<!-- This site is optimized with the Yoast SEO plugin v27.3 - https:\/\/yoast.com\/product\/yoast-seo-wordpress\/ -->\n<title>Pruebas de embarazo | You Medical<\/title>\n<meta name=\"description\" content=\"Read more about Pruebas de embarazo. You Medical offers free pregnancy services. Contact us.\" \/>\n<meta name=\"robots\" content=\"index, follow, max-snippet:-1, max-image-preview:large, max-video-preview:-1\" \/>\n<link rel=\"canonical\" href=\"https:\/\/youmedical.org\/services\/pregnancy-testing\/\" \/>\n<meta property=\"og:locale\" content=\"es_ES\" \/>\n<meta property=\"og:type\" content=\"article\" \/>\n<meta property=\"og:title\" content=\"Pruebas de embarazo | You Medical\" \/>\n<meta property=\"og:description\" content=\"Read more about Pruebas de embarazo. You Medical offers free pregnancy services. Contact us.\" \/>\n<meta property=\"og:url\" content=\"https:\/\/youmedical.org\/services\/pregnancy-testing\/\" \/>\n<meta property=\"og:site_name\" content=\"You Medical\" \/>\n<meta property=\"article:modified_time\" content=\"2023-05-17T18:08:29+00:00\" \/>\n<meta name=\"twitter:card\" content=\"summary_large_image\" \/>\n<meta name=\"twitter:label1\" content=\"Tiempo de lectura\" \/>\n\t<meta name=\"twitter:data1\" content=\"2 minutos\" \/>\n<!-- \/ Yoast SEO plugin. -->","yoast_head_json":{"title":"Pruebas de embarazo | You Medical","description":"Read more about Pruebas de embarazo. You Medical offers free pregnancy services. Contact us.","robots":{"index":"index","follow":"follow","max-snippet":"max-snippet:-1","max-image-preview":"max-image-preview:large","max-video-preview":"max-video-preview:-1"},"canonical":"https:\/\/youmedical.org\/services\/pregnancy-testing\/","og_locale":"es_ES","og_type":"article","og_title":"Pruebas de embarazo | You Medical","og_description":"Read more about Pruebas de embarazo. You Medical offers free pregnancy services. Contact us.","og_url":"https:\/\/youmedical.org\/services\/pregnancy-testing\/","og_site_name":"You Medical","article_modified_time":"2023-05-17T18:08:29+00:00","twitter_card":"summary_large_image","twitter_misc":{"Tiempo de lectura":"2 minutos"},"schema":{"@context":"https:\/\/schema.org","@graph":[{"@type":"WebPage","@id":"https:\/\/youmedical.org\/services\/pregnancy-testing\/","url":"https:\/\/youmedical.org\/services\/pregnancy-testing\/","name":"Pruebas de embarazo | You Medical","isPartOf":{"@id":"https:\/\/youmedical.org\/#website"},"primaryImageOfPage":{"@id":"https:\/\/youmedical.org\/services\/pregnancy-testing\/#primaryimage"},"image":{"@id":"https:\/\/youmedical.org\/services\/pregnancy-testing\/#primaryimage"},"thumbnailUrl":"https:\/\/youmedical.org\/wp-content\/uploads\/2022\/08\/pregnancy.svg","datePublished":"2023-02-10T18:46:22+00:00","dateModified":"2023-05-17T18:08:29+00:00","description":"Read more about Pruebas de embarazo. You Medical offers free pregnancy services. Contact us.","breadcrumb":{"@id":"https:\/\/youmedical.org\/services\/pregnancy-testing\/#breadcrumb"},"inLanguage":"es","potentialAction":[{"@type":"ReadAction","target":["https:\/\/youmedical.org\/services\/pregnancy-testing\/"]}]},{"@type":"ImageObject","inLanguage":"es","@id":"https:\/\/youmedical.org\/services\/pregnancy-testing\/#primaryimage","url":"https:\/\/youmedical.org\/wp-content\/uploads\/2022\/08\/pregnancy.svg","contentUrl":"https:\/\/youmedical.org\/wp-content\/uploads\/2022\/08\/pregnancy.svg"},{"@type":"BreadcrumbList","@id":"https:\/\/youmedical.org\/services\/pregnancy-testing\/#breadcrumb","itemListElement":[{"@type":"ListItem","position":1,"name":"Home","item":"https:\/\/youmedical.org\/es\/"},{"@type":"ListItem","position":2,"name":"Servicios","item":"https:\/\/youmedical.org\/es\/servicios\/"},{"@type":"ListItem","position":3,"name":"Pruebas de embarazo"}]},{"@type":"WebSite","@id":"https:\/\/youmedical.org\/#website","url":"https:\/\/youmedical.org\/","name":"You Medical","description":"","potentialAction":[{"@type":"SearchAction","target":{"@type":"EntryPoint","urlTemplate":"https:\/\/youmedical.org\/?s={search_term_string}"},"query-input":{"@type":"PropertyValueSpecification","valueRequired":true,"valueName":"search_term_string"}}],"inLanguage":"es"}]}},"_links":{"self":[{"href":"https:\/\/youmedical.org\/es\/wp-json\/wp\/v2\/pages\/874","targetHints":{"allow":["GET"]}}],"collection":[{"href":"https:\/\/youmedical.org\/es\/wp-json\/wp\/v2\/pages"}],"about":[{"href":"https:\/\/youmedical.org\/es\/wp-json\/wp\/v2\/types\/page"}],"author":[{"embeddable":true,"href":"https:\/\/youmedical.org\/es\/wp-json\/wp\/v2\/users\/2"}],"replies":[{"embeddable":true,"href":"https:\/\/youmedical.org\/es\/wp-json\/wp\/v2\/comments?post=874"}],"version-history":[{"count":1,"href":"https:\/\/youmedical.org\/es\/wp-json\/wp\/v2\/pages\/874\/revisions"}],"predecessor-version":[{"id":1004,"href":"https:\/\/youmedical.org\/es\/wp-json\/wp\/v2\/pages\/874\/revisions\/1004"}],"up":[{"embeddable":true,"href":"https:\/\/youmedical.org\/es\/wp-json\/wp\/v2\/pages\/854"}],"wp:featuredmedia":[{"embeddable":true,"href":"https:\/\/youmedical.org\/es\/wp-json\/wp\/v2\/media\/815"}],"wp:attachment":[{"href":"https:\/\/youmedical.org\/es\/wp-json\/wp\/v2\/media?parent=874"}],"curies":[{"name":"wp","href":"https:\/\/api.w.org\/{rel}","templated":true}]}}