{"id":873,"date":"2023-02-10T10:47:18","date_gmt":"2023-02-10T18:47:18","guid":{"rendered":"https:\/\/youmedical.org\/servicios\/ecografias\/"},"modified":"2024-01-08T21:33:32","modified_gmt":"2024-01-09T05:33:32","slug":"ecografias","status":"publish","type":"page","link":"https:\/\/youmedical.org\/es\/servicios\/ecografias\/","title":{"rendered":"Ecograf\u00edas"},"content":{"rendered":"\n<p>Parece que una prueba de embarazo positiva deber\u00eda ser todo lo que necesitas para determinar los pasos a seguir cuando descubres un embarazo no planificado. En realidad, hay mucho m\u00e1s que saber, y la ecograf\u00eda es la mejor forma de obtener la informaci\u00f3n que necesita. <\/p>\n\n<h2 class=\"wp-block-heading\">\u00bfQu\u00e9 es una ecograf\u00eda?<\/h2>\n\n<p>La ecograf\u00eda es un m\u00e9todo de diagn\u00f3stico por imagen que utiliza ondas sonoras para producir im\u00e1genes del interior del cuerpo. En la mayor\u00eda de las ecograf\u00edas se utiliza un ec\u00f3grafo externo, aunque en algunas se coloca un peque\u00f1o dispositivo en el interior.<\/p>\n\n<p>Nuestro ecografista realiza nuestras ecograf\u00edas obst\u00e9tricas limitadas sin coste colocando un gel en la parte exterior de su abdomen. A continuaci\u00f3n, el ecografista frota un instrumento en forma de varita llamado transductor a trav\u00e9s del gel, que capta las ondas sonoras y las traduce en im\u00e1genes.<\/p>\n\n<h2 class=\"wp-block-heading\">\u00bfQu\u00e9 informaci\u00f3n me da la ecograf\u00eda?<\/h2>\n\n<p>Hay tres preguntas fundamentales que los ultrasonidos deben responder.  <\/p>\n\n<h3 class=\"wp-block-heading\">1. \u00bfDe cu\u00e1nto estoy?<\/h3>\n\n<p>Una ecograf\u00eda determina con precisi\u00f3n la edad gestacional de tu embarazo. Nuestro ecografista puede saber de cu\u00e1ntas semanas est\u00e1 embarazada tomando medidas del feto.<\/p>\n\n<h3 class=\"wp-block-heading\">2. \u00bfEs viable mi embarazo?<\/h3>\n\n<p>Un embarazo viable crece con un latido detectable. Si nuestro ecografista no puede detectar un latido, o bien es demasiado pronto en su embarazo, o bien ya ha abortado.  <\/p>\n\n<h3 class=\"wp-block-heading\">3. \u00bfD\u00f3nde se encuentra mi embarazo?<\/h3>\n\n<p>Algunos embarazos se forman en el exterior del \u00fatero. Esto se conoce como embarazo ect\u00f3pico. Son extremadamente peligrosos y pueden incluso ser mortales.<\/p>\n\n<h2 class=\"wp-block-heading\">La informaci\u00f3n que necesita<\/h2>\n\n<p>Una vez que haya recibido un resultado positivo en la prueba de embarazo de You Medical y se haya sometido a una ecograf\u00eda limitada, una enfermera se reunir\u00e1 con usted para hablar de sus opciones y ofrecerle apoyo. Nos comprometemos a proporcionarle todo lo que necesita para tomar una decisi\u00f3n informada para su futuro.  <\/p>\n\n<p>Todas las citas son confidenciales y gratuitas. Le animamos a que acuda a sus citas con su pareja, un familiar o un amigo de confianza.  <\/p>\n\n<p>Usted es nuestra prioridad en You Medical.<\/p>\n","protected":false},"excerpt":{"rendered":"<p>Muchas mujeres se preguntan por qu\u00e9 necesitan una ecograf\u00eda tras una prueba de embarazo positiva. \u00bfSab\u00eda que m\u00e1s del 25% de los embarazos acaban en aborto? Una ecograf\u00eda te dice si tu embarazo es viable o si has abortado.<\/p>\n","protected":false},"author":2,"featured_media":817,"parent":854,"menu_order":2,"comment_status":"closed","ping_status":"closed","template":"","meta":{"_acf_changed":false,"footnotes":""},"class_list":["post-873","page","type-page","status-publish","has-post-thumbnail","hentry"],"acf":[],"yoast_head":"<!-- This site is optimized with the Yoast SEO plugin v27.4 - https:\/\/yoast.com\/product\/yoast-seo-wordpress\/ -->\n<title>Ecograf\u00edas | You Medical<\/title>\n<meta name=\"description\" content=\"Read more about Ecograf\u00edas. You Medical offers free pregnancy services. Contact us.\" \/>\n<meta name=\"robots\" content=\"index, follow, max-snippet:-1, max-image-preview:large, max-video-preview:-1\" \/>\n<link rel=\"canonical\" href=\"https:\/\/youmedical.org\/es\/servicios\/ecografias\/\" \/>\n<meta property=\"og:locale\" content=\"es_ES\" \/>\n<meta property=\"og:type\" content=\"article\" \/>\n<meta property=\"og:title\" content=\"Ecograf\u00edas | You Medical\" \/>\n<meta property=\"og:description\" content=\"Read more about Ecograf\u00edas. You Medical offers free pregnancy services. Contact us.\" \/>\n<meta property=\"og:url\" content=\"https:\/\/youmedical.org\/es\/servicios\/ecografias\/\" \/>\n<meta property=\"og:site_name\" content=\"You Medical\" \/>\n<meta property=\"article:modified_time\" content=\"2024-01-09T05:33:32+00:00\" \/>\n<meta name=\"twitter:card\" content=\"summary_large_image\" \/>\n<meta name=\"twitter:label1\" content=\"Tiempo de lectura\" \/>\n\t<meta name=\"twitter:data1\" content=\"2 minutos\" \/>\n<!-- \/ Yoast SEO plugin. -->","yoast_head_json":{"title":"Ecograf\u00edas | You Medical","description":"Read more about Ecograf\u00edas. You Medical offers free pregnancy services. Contact us.","robots":{"index":"index","follow":"follow","max-snippet":"max-snippet:-1","max-image-preview":"max-image-preview:large","max-video-preview":"max-video-preview:-1"},"canonical":"https:\/\/youmedical.org\/es\/servicios\/ecografias\/","og_locale":"es_ES","og_type":"article","og_title":"Ecograf\u00edas | You Medical","og_description":"Read more about Ecograf\u00edas. You Medical offers free pregnancy services. Contact us.","og_url":"https:\/\/youmedical.org\/es\/servicios\/ecografias\/","og_site_name":"You Medical","article_modified_time":"2024-01-09T05:33:32+00:00","twitter_card":"summary_large_image","twitter_misc":{"Tiempo de lectura":"2 minutos"},"schema":{"@context":"https:\/\/schema.org","@graph":[{"@type":"WebPage","@id":"https:\/\/youmedical.org\/es\/servicios\/ecografias\/","url":"https:\/\/youmedical.org\/es\/servicios\/ecografias\/","name":"Ecograf\u00edas | You Medical","isPartOf":{"@id":"https:\/\/youmedical.org\/#website"},"primaryImageOfPage":{"@id":"https:\/\/youmedical.org\/es\/servicios\/ecografias\/#primaryimage"},"image":{"@id":"https:\/\/youmedical.org\/es\/servicios\/ecografias\/#primaryimage"},"thumbnailUrl":"https:\/\/youmedical.org\/wp-content\/uploads\/2022\/08\/ultrasound.svg","datePublished":"2023-02-10T18:47:18+00:00","dateModified":"2024-01-09T05:33:32+00:00","description":"Read more about Ecograf\u00edas. You Medical offers free pregnancy services. Contact us.","breadcrumb":{"@id":"https:\/\/youmedical.org\/es\/servicios\/ecografias\/#breadcrumb"},"inLanguage":"es","potentialAction":[{"@type":"ReadAction","target":["https:\/\/youmedical.org\/es\/servicios\/ecografias\/"]}]},{"@type":"ImageObject","inLanguage":"es","@id":"https:\/\/youmedical.org\/es\/servicios\/ecografias\/#primaryimage","url":"https:\/\/youmedical.org\/wp-content\/uploads\/2022\/08\/ultrasound.svg","contentUrl":"https:\/\/youmedical.org\/wp-content\/uploads\/2022\/08\/ultrasound.svg"},{"@type":"BreadcrumbList","@id":"https:\/\/youmedical.org\/es\/servicios\/ecografias\/#breadcrumb","itemListElement":[{"@type":"ListItem","position":1,"name":"Home","item":"https:\/\/youmedical.org\/es\/"},{"@type":"ListItem","position":2,"name":"Servicios","item":"https:\/\/youmedical.org\/es\/servicios\/"},{"@type":"ListItem","position":3,"name":"Ecograf\u00edas"}]},{"@type":"WebSite","@id":"https:\/\/youmedical.org\/#website","url":"https:\/\/youmedical.org\/","name":"You Medical","description":"","potentialAction":[{"@type":"SearchAction","target":{"@type":"EntryPoint","urlTemplate":"https:\/\/youmedical.org\/?s={search_term_string}"},"query-input":{"@type":"PropertyValueSpecification","valueRequired":true,"valueName":"search_term_string"}}],"inLanguage":"es"}]}},"_links":{"self":[{"href":"https:\/\/youmedical.org\/es\/wp-json\/wp\/v2\/pages\/873","targetHints":{"allow":["GET"]}}],"collection":[{"href":"https:\/\/youmedical.org\/es\/wp-json\/wp\/v2\/pages"}],"about":[{"href":"https:\/\/youmedical.org\/es\/wp-json\/wp\/v2\/types\/page"}],"author":[{"embeddable":true,"href":"https:\/\/youmedical.org\/es\/wp-json\/wp\/v2\/users\/2"}],"replies":[{"embeddable":true,"href":"https:\/\/youmedical.org\/es\/wp-json\/wp\/v2\/comments?post=873"}],"version-history":[{"count":3,"href":"https:\/\/youmedical.org\/es\/wp-json\/wp\/v2\/pages\/873\/revisions"}],"predecessor-version":[{"id":1119,"href":"https:\/\/youmedical.org\/es\/wp-json\/wp\/v2\/pages\/873\/revisions\/1119"}],"up":[{"embeddable":true,"href":"https:\/\/youmedical.org\/es\/wp-json\/wp\/v2\/pages\/854"}],"wp:featuredmedia":[{"embeddable":true,"href":"https:\/\/youmedical.org\/es\/wp-json\/wp\/v2\/media\/817"}],"wp:attachment":[{"href":"https:\/\/youmedical.org\/es\/wp-json\/wp\/v2\/media?parent=873"}],"curies":[{"name":"wp","href":"https:\/\/api.w.org\/{rel}","templated":true}]}}