{"id":872,"date":"2023-02-10T10:48:21","date_gmt":"2023-02-10T18:48:21","guid":{"rendered":"https:\/\/youmedical.org\/servicios\/pruebas-de-ets\/"},"modified":"2024-01-08T21:33:32","modified_gmt":"2024-01-09T05:33:32","slug":"pruebas-de-ets","status":"publish","type":"page","link":"https:\/\/youmedical.org\/es\/servicios\/pruebas-de-ets\/","title":{"rendered":"Pruebas de ETS"},"content":{"rendered":"\n<p>Las <a href=\"https:\/\/medlineplus.gov\/sexuallytransmitteddiseases.html#:~:text=Sexually%20transmitted%20diseases%20(STDs)%2C,%2C%20oral%2C%20or%20anal%20sex%20.\" data-wpel-link=\"external\" target=\"_blank\" rel=\"nofollow external noopener noreferrer\">enfermedades de transmisi\u00f3n sexual (ETS<\/a> ) tambi\u00e9n se denominan infecciones de transmisi\u00f3n sexual (ITS). Ambas se adquieren generalmente por contacto vaginal, anal y oral. Las ITS no siempre presentan s\u00edntomas inmediatos, por lo que es esencial someterse a pruebas con regularidad.<\/p>\n\n<h2 class=\"wp-block-heading\">\u00bfQu\u00e9 es una ETS\/ITS?<\/h2>\n\n<p>Las bacterias, virus o par\u00e1sitos que causan las ETS\/ITS pueden transmitirse de una persona a otra a trav\u00e9s de la sangre, el semen o los fluidos vaginales y otros fluidos corporales. A veces pueden transmitirse de forma no sexual, como cuando se comparten agujas o de una madre a su hijo durante el embarazo o el parto.<\/p>\n\n<p><a href=\"https:\/\/www.cdc.gov\/std\/life-stages-populations\/adolescents-youngadults.htm\" data-wpel-link=\"external\" target=\"_blank\" rel=\"nofollow external noopener noreferrer\">Los CDC<\/a> calculan que alrededor del 20% de la poblaci\u00f3n estadounidense padece una ETS. El grupo de edad m\u00e1s afectado es el de los j\u00f3venes de 15 a 24 a\u00f1os, y las mujeres son mucho m\u00e1s vulnerables que los hombres.<\/p>\n\n<h2 class=\"wp-block-heading\">Pruebas de ETS\/ITS gratuitas o de bajo coste  <\/h2>\n\n<p>A pesar de la notificaci\u00f3n irregular durante COVID-19, en 2021 <a href=\"https:\/\/www.cdc.gov\/media\/releases\/2022\/p0412-STD-Increase.html\" data-wpel-link=\"external\" target=\"_blank\" rel=\"nofollow external noopener noreferrer\">se notificaron 2,5 millones de casos<\/a> de clamidia, gonorrea y s\u00edfilis. Estas ETS no suelen presentar s\u00edntomas inmediatos, por lo que es fundamental que te realices pruebas con regularidad.  <\/p>\n\n<p>En You Medical, ofrecemos pruebas y tratamiento limitados de ETS\/ITS. Reciba tratamiento para la clamidia y la gonorrea y una consulta de enfermer\u00eda y seguimiento sin coste alguno. Tambi\u00e9n podemos proporcionar pruebas de PAP, si es necesario.<\/p>\n\n<h2 class=\"wp-block-heading\">\u00bfC\u00f3mo puedo evitar contraer una ETS?<\/h2>\n\n<p>La forma m\u00e1s eficaz de evitar una ETS o ITS es la abstinencia, es decir, no mantener relaciones sexuales hasta que se tenga una relaci\u00f3n segura y mon\u00f3gama. Los preservativos son eficaces, pero no garantizan una protecci\u00f3n completa.  <\/p>\n\n<p>Proporcionamos una educaci\u00f3n sexual exhaustiva para ayudarle a conocer sus riesgos y aprender a elegir relaciones sanas. Nuestros profesionales m\u00e9dicos pueden analizar su situaci\u00f3n y ayudarle a tomar una decisi\u00f3n informada sobre su salud sexual.<\/p>\n\n<h2 class=\"wp-block-heading\">Nunca se debe forzar una relaci\u00f3n sexual<\/h2>\n\n<p>Si usted o alguien que conoce est\u00e1 siendo forzado a mantener relaciones sexuales por cualquier motivo, tenemos personal capacitado para evaluar y ponerle en contacto con apoyo y servicios. Para obtener ayuda inmediata, llame al Centro Nacional de Trata de Seres Humanos al 1-888-373-7888.<\/p>\n","protected":false},"excerpt":{"rendered":"<p>Seg\u00fan los CDC, 1 de cada 5 personas en EE.UU. tiene una infecci\u00f3n de transmisi\u00f3n sexual (ITS). \u00bfPodr\u00edas ser t\u00fa? Las ITS y las ETS son muy frecuentes y la mayor\u00eda no presentan signos de alerta precoz. Ofrecemos pruebas y tratamiento a bajo coste.  <\/p>\n","protected":false},"author":2,"featured_media":816,"parent":854,"menu_order":3,"comment_status":"closed","ping_status":"closed","template":"","meta":{"_acf_changed":false,"footnotes":""},"class_list":["post-872","page","type-page","status-publish","has-post-thumbnail","hentry"],"acf":[],"yoast_head":"<!-- This site is optimized with the Yoast SEO plugin v27.3 - https:\/\/yoast.com\/product\/yoast-seo-wordpress\/ -->\n<title>Pruebas de ETS | You Medical<\/title>\n<meta name=\"description\" content=\"Read more about Pruebas de ETS. You Medical offers free pregnancy services. Contact us.\" \/>\n<meta name=\"robots\" content=\"index, follow, max-snippet:-1, max-image-preview:large, max-video-preview:-1\" \/>\n<link rel=\"canonical\" href=\"https:\/\/youmedical.org\/es\/servicios\/pruebas-de-ets\/\" \/>\n<meta property=\"og:locale\" content=\"es_ES\" \/>\n<meta property=\"og:type\" content=\"article\" \/>\n<meta property=\"og:title\" content=\"Pruebas de ETS | You Medical\" \/>\n<meta property=\"og:description\" content=\"Read more about Pruebas de ETS. You Medical offers free pregnancy services. Contact us.\" \/>\n<meta property=\"og:url\" content=\"https:\/\/youmedical.org\/es\/servicios\/pruebas-de-ets\/\" \/>\n<meta property=\"og:site_name\" content=\"You Medical\" \/>\n<meta property=\"article:modified_time\" content=\"2024-01-09T05:33:32+00:00\" \/>\n<meta name=\"twitter:card\" content=\"summary_large_image\" \/>\n<meta name=\"twitter:label1\" content=\"Tiempo de lectura\" \/>\n\t<meta name=\"twitter:data1\" content=\"2 minutos\" \/>\n<!-- \/ Yoast SEO plugin. -->","yoast_head_json":{"title":"Pruebas de ETS | You Medical","description":"Read more about Pruebas de ETS. You Medical offers free pregnancy services. Contact us.","robots":{"index":"index","follow":"follow","max-snippet":"max-snippet:-1","max-image-preview":"max-image-preview:large","max-video-preview":"max-video-preview:-1"},"canonical":"https:\/\/youmedical.org\/es\/servicios\/pruebas-de-ets\/","og_locale":"es_ES","og_type":"article","og_title":"Pruebas de ETS | You Medical","og_description":"Read more about Pruebas de ETS. You Medical offers free pregnancy services. Contact us.","og_url":"https:\/\/youmedical.org\/es\/servicios\/pruebas-de-ets\/","og_site_name":"You Medical","article_modified_time":"2024-01-09T05:33:32+00:00","twitter_card":"summary_large_image","twitter_misc":{"Tiempo de lectura":"2 minutos"},"schema":{"@context":"https:\/\/schema.org","@graph":[{"@type":"WebPage","@id":"https:\/\/youmedical.org\/es\/servicios\/pruebas-de-ets\/","url":"https:\/\/youmedical.org\/es\/servicios\/pruebas-de-ets\/","name":"Pruebas de ETS | You Medical","isPartOf":{"@id":"https:\/\/youmedical.org\/#website"},"primaryImageOfPage":{"@id":"https:\/\/youmedical.org\/es\/servicios\/pruebas-de-ets\/#primaryimage"},"image":{"@id":"https:\/\/youmedical.org\/es\/servicios\/pruebas-de-ets\/#primaryimage"},"thumbnailUrl":"https:\/\/youmedical.org\/wp-content\/uploads\/2022\/08\/std.svg","datePublished":"2023-02-10T18:48:21+00:00","dateModified":"2024-01-09T05:33:32+00:00","description":"Read more about Pruebas de ETS. You Medical offers free pregnancy services. Contact us.","breadcrumb":{"@id":"https:\/\/youmedical.org\/es\/servicios\/pruebas-de-ets\/#breadcrumb"},"inLanguage":"es","potentialAction":[{"@type":"ReadAction","target":["https:\/\/youmedical.org\/es\/servicios\/pruebas-de-ets\/"]}]},{"@type":"ImageObject","inLanguage":"es","@id":"https:\/\/youmedical.org\/es\/servicios\/pruebas-de-ets\/#primaryimage","url":"https:\/\/youmedical.org\/wp-content\/uploads\/2022\/08\/std.svg","contentUrl":"https:\/\/youmedical.org\/wp-content\/uploads\/2022\/08\/std.svg"},{"@type":"BreadcrumbList","@id":"https:\/\/youmedical.org\/es\/servicios\/pruebas-de-ets\/#breadcrumb","itemListElement":[{"@type":"ListItem","position":1,"name":"Home","item":"https:\/\/youmedical.org\/es\/"},{"@type":"ListItem","position":2,"name":"Servicios","item":"https:\/\/youmedical.org\/es\/servicios\/"},{"@type":"ListItem","position":3,"name":"Pruebas de ETS"}]},{"@type":"WebSite","@id":"https:\/\/youmedical.org\/#website","url":"https:\/\/youmedical.org\/","name":"You Medical","description":"","potentialAction":[{"@type":"SearchAction","target":{"@type":"EntryPoint","urlTemplate":"https:\/\/youmedical.org\/?s={search_term_string}"},"query-input":{"@type":"PropertyValueSpecification","valueRequired":true,"valueName":"search_term_string"}}],"inLanguage":"es"}]}},"_links":{"self":[{"href":"https:\/\/youmedical.org\/es\/wp-json\/wp\/v2\/pages\/872","targetHints":{"allow":["GET"]}}],"collection":[{"href":"https:\/\/youmedical.org\/es\/wp-json\/wp\/v2\/pages"}],"about":[{"href":"https:\/\/youmedical.org\/es\/wp-json\/wp\/v2\/types\/page"}],"author":[{"embeddable":true,"href":"https:\/\/youmedical.org\/es\/wp-json\/wp\/v2\/users\/2"}],"replies":[{"embeddable":true,"href":"https:\/\/youmedical.org\/es\/wp-json\/wp\/v2\/comments?post=872"}],"version-history":[{"count":3,"href":"https:\/\/youmedical.org\/es\/wp-json\/wp\/v2\/pages\/872\/revisions"}],"predecessor-version":[{"id":1120,"href":"https:\/\/youmedical.org\/es\/wp-json\/wp\/v2\/pages\/872\/revisions\/1120"}],"up":[{"embeddable":true,"href":"https:\/\/youmedical.org\/es\/wp-json\/wp\/v2\/pages\/854"}],"wp:featuredmedia":[{"embeddable":true,"href":"https:\/\/youmedical.org\/es\/wp-json\/wp\/v2\/media\/816"}],"wp:attachment":[{"href":"https:\/\/youmedical.org\/es\/wp-json\/wp\/v2\/media?parent=872"}],"curies":[{"name":"wp","href":"https:\/\/api.w.org\/{rel}","templated":true}]}}