{"id":870,"date":"2021-05-27T06:34:27","date_gmt":"2021-05-27T13:34:27","guid":{"rendered":"https:\/\/youmedical.org\/opciones\/ser-padres\/"},"modified":"2023-05-17T11:07:55","modified_gmt":"2023-05-17T18:07:55","slug":"ser-padres","status":"publish","type":"page","link":"https:\/\/youmedical.org\/es\/opciones\/ser-padres\/","title":{"rendered":"Ser padres"},"content":{"rendered":"\n<p>En cuanto descubri\u00f3 su inesperado embarazo, probablemente se le pas\u00f3 por la cabeza la idea de ser madre. Pero si eres como otros, tambi\u00e9n te han surgido las siguientes preguntas:<\/p>\n\n<ul class=\"wp-block-list\">\n<li>\u00bfC\u00f3mo les dir\u00e9 a mis padres o a mi pareja que estoy embarazada y quiero ser madre?<\/li>\n\n\n\n<li>\u00bfPuedo permitirme criar a un ni\u00f1o yo solo?<\/li>\n\n\n\n<li>\u00bfPodr\u00e9 terminar mis estudios o seguir trabajando si soy padre?<\/li>\n\n\n\n<li>\u00bfD\u00f3nde vivir\u00e9?<\/li>\n\n\n\n<li>\u00bfQui\u00e9n me ayudar\u00e1 si decido ser padre?<\/li>\n\n\n\n<li>\u00bfParticipar\u00e1 el padre del beb\u00e9?<\/li>\n\n\n\n<li>\u00bfC\u00f3mo recibir\u00e9 atenci\u00f3n m\u00e9dica?<\/li>\n<\/ul>\n\n<p>Todas estas preguntas son v\u00e1lidas, y podemos ayudarle a obtener las respuestas que necesita.  <\/p>\n\n<h2 class=\"wp-block-heading\">Podemos ayudarle a ser un padre de \u00e9xito<\/h2>\n\n<p>En primer lugar, est\u00e1s en el buen camino si ya te est\u00e1s planteando las preguntas dif\u00edciles. Saber lo que necesitas antes de empezar es el primer paso hacia el \u00e9xito. Nuestros consejeros pueden hablar de tu situaci\u00f3n y ayudarte a encontrar los recursos necesarios.<\/p>\n\n<p>Tenemos referencias comunitarias que pueden ayudarle con lo siguiente:<\/p>\n\n<ul class=\"wp-block-list\">\n<li>Vivienda<\/li>\n\n\n\n<li>Gastos m\u00e9dicos<\/li>\n\n\n\n<li>Despensas de alimentos<\/li>\n\n\n\n<li>Atenci\u00f3n infantil<\/li>\n\n\n\n<li>Ayuda al empleo<\/li>\n\n\n\n<li>Asesoramiento jur\u00eddico<\/li>\n\n\n\n<li>Y mucho m\u00e1s.<\/li>\n<\/ul>\n\n<h2 class=\"wp-block-heading\">\u00bfEs la paternidad la opci\u00f3n adecuada para usted?<\/h2>\n\n<p>Si crees que la paternidad puede ser una opci\u00f3n, pero te preocupa el dinero, la atenci\u00f3n m\u00e9dica, los art\u00edculos para el beb\u00e9 o las habilidades parentales, podemos ayudarte. Hablemos de las muchas oportunidades que se le ofrecen.<\/p>\n\n<p>Ser padres puede ser un reto, pero tambi\u00e9n es incre\u00edblemente gratificante. S\u00f3lo t\u00fa puedes decidir si debes ser padre o madre. Complicado no significa imposible. Podemos ense\u00f1arle a ser un padre de \u00e9xito.<\/p>\n\n<h2 class=\"wp-block-heading\">Programe su consulta gratuita<\/h2>\n\n<p>Concierte <a rel=\"noreferrer noopener\" href=\"https:\/\/youmedical.org\/es\/cita-previa\/\" data-type=\"URL\" data-id=\"https:\/\/youmedical.org\/appointment\/\" target=\"_blank\" data-wpel-link=\"internal\">una cita<\/a> para una consulta gratuita sobre opciones. Podemos estudiar el apoyo que necesitas y lo que tienes a tu disposici\u00f3n.  <\/p>\n\n<p>Sea cual sea la decisi\u00f3n que tomes para tu embarazo inesperado, queremos que te sientas informada, capacitada y segura de ti misma. Estamos aqu\u00ed para usted porque, en You Medical, usted es nuestra primera prioridad.<\/p>\n","protected":false},"excerpt":{"rendered":"<p>Muchas mujeres se preguntan si tienen los recursos necesarios para plantearse la crianza de su hijo. Obtenga m\u00e1s informaci\u00f3n sobre los numerosos recursos que ofrecemos, as\u00ed como sobre la asistencia comunitaria disponible para ayudarle a convertirse en el mejor padre posible.<\/p>\n","protected":false},"author":1,"featured_media":842,"parent":859,"menu_order":0,"comment_status":"closed","ping_status":"closed","template":"","meta":{"_acf_changed":false,"footnotes":""},"class_list":["post-870","page","type-page","status-publish","has-post-thumbnail","hentry"],"acf":[],"yoast_head":"<!-- This site is optimized with the Yoast SEO plugin v27.3 - https:\/\/yoast.com\/product\/yoast-seo-wordpress\/ -->\n<title>Ser padres | You Medical<\/title>\n<meta name=\"description\" content=\"Read more about Ser padres. You Medical offers free pregnancy services. Contact us.\" \/>\n<meta name=\"robots\" content=\"index, follow, max-snippet:-1, max-image-preview:large, max-video-preview:-1\" \/>\n<link rel=\"canonical\" href=\"https:\/\/youmedical.org\/options\/parenting\/\" \/>\n<meta property=\"og:locale\" content=\"es_ES\" \/>\n<meta property=\"og:type\" content=\"article\" \/>\n<meta property=\"og:title\" content=\"Ser padres | You Medical\" \/>\n<meta property=\"og:description\" content=\"Read more about Ser padres. You Medical offers free pregnancy services. Contact us.\" \/>\n<meta property=\"og:url\" content=\"https:\/\/youmedical.org\/options\/parenting\/\" \/>\n<meta property=\"og:site_name\" content=\"You Medical\" \/>\n<meta property=\"article:modified_time\" content=\"2023-05-17T18:07:55+00:00\" \/>\n<meta property=\"og:image\" content=\"https:\/\/youmedical.org\/wp-content\/uploads\/2023\/03\/Parenting-You-Medical-e1678427584880.jpg\" \/>\n\t<meta property=\"og:image:width\" content=\"1204\" \/>\n\t<meta property=\"og:image:height\" content=\"1204\" \/>\n\t<meta property=\"og:image:type\" content=\"image\/jpeg\" \/>\n<meta name=\"twitter:card\" content=\"summary_large_image\" \/>\n<meta name=\"twitter:label1\" content=\"Tiempo de lectura\" \/>\n\t<meta name=\"twitter:data1\" content=\"2 minutos\" \/>\n<!-- \/ Yoast SEO plugin. -->","yoast_head_json":{"title":"Ser padres | You Medical","description":"Read more about Ser padres. You Medical offers free pregnancy services. Contact us.","robots":{"index":"index","follow":"follow","max-snippet":"max-snippet:-1","max-image-preview":"max-image-preview:large","max-video-preview":"max-video-preview:-1"},"canonical":"https:\/\/youmedical.org\/options\/parenting\/","og_locale":"es_ES","og_type":"article","og_title":"Ser padres | You Medical","og_description":"Read more about Ser padres. You Medical offers free pregnancy services. Contact us.","og_url":"https:\/\/youmedical.org\/options\/parenting\/","og_site_name":"You Medical","article_modified_time":"2023-05-17T18:07:55+00:00","og_image":[{"width":1204,"height":1204,"url":"https:\/\/youmedical.org\/wp-content\/uploads\/2023\/03\/Parenting-You-Medical-e1678427584880.jpg","type":"image\/jpeg"}],"twitter_card":"summary_large_image","twitter_misc":{"Tiempo de lectura":"2 minutos"},"schema":{"@context":"https:\/\/schema.org","@graph":[{"@type":"WebPage","@id":"https:\/\/youmedical.org\/options\/parenting\/","url":"https:\/\/youmedical.org\/options\/parenting\/","name":"Ser padres | You Medical","isPartOf":{"@id":"https:\/\/youmedical.org\/#website"},"primaryImageOfPage":{"@id":"https:\/\/youmedical.org\/options\/parenting\/#primaryimage"},"image":{"@id":"https:\/\/youmedical.org\/options\/parenting\/#primaryimage"},"thumbnailUrl":"https:\/\/youmedical.org\/wp-content\/uploads\/2023\/03\/Parenting-You-Medical-e1678427584880.jpg","datePublished":"2021-05-27T13:34:27+00:00","dateModified":"2023-05-17T18:07:55+00:00","description":"Read more about Ser padres. You Medical offers free pregnancy services. Contact us.","breadcrumb":{"@id":"https:\/\/youmedical.org\/options\/parenting\/#breadcrumb"},"inLanguage":"es","potentialAction":[{"@type":"ReadAction","target":["https:\/\/youmedical.org\/options\/parenting\/"]}]},{"@type":"ImageObject","inLanguage":"es","@id":"https:\/\/youmedical.org\/options\/parenting\/#primaryimage","url":"https:\/\/youmedical.org\/wp-content\/uploads\/2023\/03\/Parenting-You-Medical-e1678427584880.jpg","contentUrl":"https:\/\/youmedical.org\/wp-content\/uploads\/2023\/03\/Parenting-You-Medical-e1678427584880.jpg","width":1204,"height":1204,"caption":"woman considering abortion"},{"@type":"BreadcrumbList","@id":"https:\/\/youmedical.org\/options\/parenting\/#breadcrumb","itemListElement":[{"@type":"ListItem","position":1,"name":"Home","item":"https:\/\/youmedical.org\/es\/"},{"@type":"ListItem","position":2,"name":"Opciones","item":"https:\/\/youmedical.org\/es\/opciones\/"},{"@type":"ListItem","position":3,"name":"Ser padres"}]},{"@type":"WebSite","@id":"https:\/\/youmedical.org\/#website","url":"https:\/\/youmedical.org\/","name":"You Medical","description":"","potentialAction":[{"@type":"SearchAction","target":{"@type":"EntryPoint","urlTemplate":"https:\/\/youmedical.org\/?s={search_term_string}"},"query-input":{"@type":"PropertyValueSpecification","valueRequired":true,"valueName":"search_term_string"}}],"inLanguage":"es"}]}},"_links":{"self":[{"href":"https:\/\/youmedical.org\/es\/wp-json\/wp\/v2\/pages\/870","targetHints":{"allow":["GET"]}}],"collection":[{"href":"https:\/\/youmedical.org\/es\/wp-json\/wp\/v2\/pages"}],"about":[{"href":"https:\/\/youmedical.org\/es\/wp-json\/wp\/v2\/types\/page"}],"author":[{"embeddable":true,"href":"https:\/\/youmedical.org\/es\/wp-json\/wp\/v2\/users\/1"}],"replies":[{"embeddable":true,"href":"https:\/\/youmedical.org\/es\/wp-json\/wp\/v2\/comments?post=870"}],"version-history":[{"count":1,"href":"https:\/\/youmedical.org\/es\/wp-json\/wp\/v2\/pages\/870\/revisions"}],"predecessor-version":[{"id":998,"href":"https:\/\/youmedical.org\/es\/wp-json\/wp\/v2\/pages\/870\/revisions\/998"}],"up":[{"embeddable":true,"href":"https:\/\/youmedical.org\/es\/wp-json\/wp\/v2\/pages\/859"}],"wp:featuredmedia":[{"embeddable":true,"href":"https:\/\/youmedical.org\/es\/wp-json\/wp\/v2\/media\/842"}],"wp:attachment":[{"href":"https:\/\/youmedical.org\/es\/wp-json\/wp\/v2\/media?parent=870"}],"curies":[{"name":"wp","href":"https:\/\/api.w.org\/{rel}","templated":true}]}}