{"id":867,"date":"2022-08-19T07:08:51","date_gmt":"2022-08-19T14:08:51","guid":{"rendered":"https:\/\/youmedical.org\/conocer-mi-estado\/"},"modified":"2023-05-17T11:08:29","modified_gmt":"2023-05-17T18:08:29","slug":"conocer-mi-estado","status":"publish","type":"page","link":"https:\/\/youmedical.org\/es\/conocer-mi-estado\/","title":{"rendered":"Conocer mi Estado"},"content":{"rendered":"\n<h2 class=\"wp-block-heading\">LEYES SOBRE EL ABORTO EN WASHINGTON<\/h2>\n\n<p>Con la anulaci\u00f3n de Roe contra Wade a partir de junio de 2022, puede resultar confuso estar al d\u00eda de las leyes sobre el aborto. \u00bfQu\u00e9 restricciones existen para abortar en su localidad y si el aborto es legal? Esto es lo que hay que saber sobre el acceso al aborto en Washington para que pueda determinar qu\u00e9 opciones tiene y dar los siguientes pasos.<\/p>\n\n<p>El aborto es legal con ciertas restricciones en Washington. Si tu embarazo ha superado la edad de viabilidad, no puedes abortar. La viabilidad es la fase del embarazo en la que es m\u00e1s probable que el feto sobreviva fuera del \u00fatero. Esto suele ocurrir en torno a las 24 semanas de embarazo.<\/p>\n\n<p>Para determinar en qu\u00e9 fase del embarazo se encuentra, cuente las semanas transcurridas desde el primer d\u00eda de su \u00faltima menstruaci\u00f3n.<\/p>\n\n<h2 class=\"wp-block-heading\">VISITE A UN PROFESIONAL SANITARIO<\/h2>\n\n<p>Si no est\u00e1 segura de cu\u00e1ndo empez\u00f3 su \u00faltimo periodo menstrual, acuda a You Medical para que le hagan una <a href=\"https:\/\/youmedical.org\/es\/servicios\/ecografias\/\" data-wpel-link=\"internal\">ecograf\u00eda<\/a>. Una ecograf\u00eda no s\u00f3lo revela en qu\u00e9 fase del embarazo te encuentras, sino tambi\u00e9n si tu embarazo es viable o si has sufrido un aborto espont\u00e1neo. Tambi\u00e9n ofrecemos pruebas de embarazo gratuitas, ya que siempre recomendamos confirmar los resultados de las pruebas de embarazo caseras.<\/p>\n\n<p>Podemos informarte mejor sobre tu embarazo y las opciones que tienes en funci\u00f3n de los resultados de tu ecograf\u00eda. Proteger su salud es nuestra m\u00e1xima prioridad.  <\/p>\n\n<h2 class=\"wp-block-heading\">ABORTO DESPU\u00c9S DE LA VIABILIDAD<\/h2>\n\n<p>Las excepciones se limitan a la obtenci\u00f3n de un aborto despu\u00e9s de 24 semanas. El aborto es necesario para salvar la vida de la madre o para preservar su salud general.<\/p>\n\n<p>Para obtener m\u00e1s informaci\u00f3n sobre los procedimientos de aborto, efectos secundarios y riesgos potenciales, <a href=\"https:\/\/youmedical.org\/es\/cita-previa\/\" data-wpel-link=\"internal\">programe una cita<\/a> con un defensor del cliente aqu\u00ed en You Medical. Todas las citas son gratuitas o de bajo coste y totalmente confidenciales.  <\/p>\n\n<p>Estamos aqu\u00ed para ayudarle. No est\u00e1s sola en cada etapa de tu embarazo.  <\/p>\n","protected":false},"excerpt":{"rendered":"<p>LEYES SOBRE EL ABORTO EN WASHINGTON Con la anulaci\u00f3n de Roe contra Wade a partir de junio de 2022, puede resultar confuso estar al d\u00eda de las leyes sobre el aborto. \u00bfQu\u00e9 restricciones existen para abortar en su localidad y si el aborto es legal? Esto es lo que hay que saber sobre el acceso<\/p>\n","protected":false},"author":2,"featured_media":0,"parent":0,"menu_order":0,"comment_status":"closed","ping_status":"closed","template":"","meta":{"_acf_changed":false,"footnotes":""},"class_list":["post-867","page","type-page","status-publish","hentry"],"acf":[],"yoast_head":"<!-- This site is optimized with the Yoast SEO plugin v27.3 - https:\/\/yoast.com\/product\/yoast-seo-wordpress\/ -->\n<title>Conocer mi Estado | You Medical<\/title>\n<meta name=\"description\" content=\"Read more about Conocer mi Estado. You Medical offers free pregnancy services. Contact us.\" \/>\n<meta name=\"robots\" content=\"index, follow, max-snippet:-1, max-image-preview:large, max-video-preview:-1\" \/>\n<link rel=\"canonical\" href=\"https:\/\/youmedical.org\/know-my-state\/\" \/>\n<meta property=\"og:locale\" content=\"es_ES\" \/>\n<meta property=\"og:type\" content=\"article\" \/>\n<meta property=\"og:title\" content=\"Conocer mi Estado | You Medical\" \/>\n<meta property=\"og:description\" content=\"Read more about Conocer mi Estado. You Medical offers free pregnancy services. Contact us.\" \/>\n<meta property=\"og:url\" content=\"https:\/\/youmedical.org\/know-my-state\/\" \/>\n<meta property=\"og:site_name\" content=\"You Medical\" \/>\n<meta property=\"article:modified_time\" content=\"2023-05-17T18:08:29+00:00\" \/>\n<meta name=\"twitter:card\" content=\"summary_large_image\" \/>\n<meta name=\"twitter:label1\" content=\"Tiempo de lectura\" \/>\n\t<meta name=\"twitter:data1\" content=\"2 minutos\" \/>\n<!-- \/ Yoast SEO plugin. -->","yoast_head_json":{"title":"Conocer mi Estado | You Medical","description":"Read more about Conocer mi Estado. You Medical offers free pregnancy services. Contact us.","robots":{"index":"index","follow":"follow","max-snippet":"max-snippet:-1","max-image-preview":"max-image-preview:large","max-video-preview":"max-video-preview:-1"},"canonical":"https:\/\/youmedical.org\/know-my-state\/","og_locale":"es_ES","og_type":"article","og_title":"Conocer mi Estado | You Medical","og_description":"Read more about Conocer mi Estado. You Medical offers free pregnancy services. Contact us.","og_url":"https:\/\/youmedical.org\/know-my-state\/","og_site_name":"You Medical","article_modified_time":"2023-05-17T18:08:29+00:00","twitter_card":"summary_large_image","twitter_misc":{"Tiempo de lectura":"2 minutos"},"schema":{"@context":"https:\/\/schema.org","@graph":[{"@type":"WebPage","@id":"https:\/\/youmedical.org\/know-my-state\/","url":"https:\/\/youmedical.org\/know-my-state\/","name":"Conocer mi Estado | You Medical","isPartOf":{"@id":"https:\/\/youmedical.org\/#website"},"datePublished":"2022-08-19T14:08:51+00:00","dateModified":"2023-05-17T18:08:29+00:00","description":"Read more about Conocer mi Estado. You Medical offers free pregnancy services. Contact us.","breadcrumb":{"@id":"https:\/\/youmedical.org\/know-my-state\/#breadcrumb"},"inLanguage":"es","potentialAction":[{"@type":"ReadAction","target":["https:\/\/youmedical.org\/know-my-state\/"]}]},{"@type":"BreadcrumbList","@id":"https:\/\/youmedical.org\/know-my-state\/#breadcrumb","itemListElement":[{"@type":"ListItem","position":1,"name":"Home","item":"https:\/\/youmedical.org\/es\/"},{"@type":"ListItem","position":2,"name":"Conocer mi Estado"}]},{"@type":"WebSite","@id":"https:\/\/youmedical.org\/#website","url":"https:\/\/youmedical.org\/","name":"You Medical","description":"","potentialAction":[{"@type":"SearchAction","target":{"@type":"EntryPoint","urlTemplate":"https:\/\/youmedical.org\/?s={search_term_string}"},"query-input":{"@type":"PropertyValueSpecification","valueRequired":true,"valueName":"search_term_string"}}],"inLanguage":"es"}]}},"_links":{"self":[{"href":"https:\/\/youmedical.org\/es\/wp-json\/wp\/v2\/pages\/867","targetHints":{"allow":["GET"]}}],"collection":[{"href":"https:\/\/youmedical.org\/es\/wp-json\/wp\/v2\/pages"}],"about":[{"href":"https:\/\/youmedical.org\/es\/wp-json\/wp\/v2\/types\/page"}],"author":[{"embeddable":true,"href":"https:\/\/youmedical.org\/es\/wp-json\/wp\/v2\/users\/2"}],"replies":[{"embeddable":true,"href":"https:\/\/youmedical.org\/es\/wp-json\/wp\/v2\/comments?post=867"}],"version-history":[{"count":1,"href":"https:\/\/youmedical.org\/es\/wp-json\/wp\/v2\/pages\/867\/revisions"}],"predecessor-version":[{"id":997,"href":"https:\/\/youmedical.org\/es\/wp-json\/wp\/v2\/pages\/867\/revisions\/997"}],"wp:attachment":[{"href":"https:\/\/youmedical.org\/es\/wp-json\/wp\/v2\/media?parent=867"}],"curies":[{"name":"wp","href":"https:\/\/api.w.org\/{rel}","templated":true}]}}