{"id":866,"date":"2021-05-27T06:32:41","date_gmt":"2021-05-27T13:32:41","guid":{"rendered":"https:\/\/youmedical.org\/opciones\/adopcion\/"},"modified":"2024-01-08T21:35:50","modified_gmt":"2024-01-09T05:35:50","slug":"adopcion","status":"publish","type":"page","link":"https:\/\/youmedical.org\/es\/opciones\/adopcion\/","title":{"rendered":"Adopci\u00f3n"},"content":{"rendered":"\n<p>Como a menudo se ha tergiversado, a veces se pasa por alto esta opci\u00f3n de embarazo. La adopci\u00f3n es una decisi\u00f3n valiente, desinteresada y compleja. Eche un vistazo a esta hermosa opci\u00f3n. Podr\u00eda ser la respuesta a su situaci\u00f3n.<\/p>\n\n<h2 class=\"wp-block-heading\">\u00bfQu\u00e9 es la adopci\u00f3n?<\/h2>\n\n<p>La adopci\u00f3n es la transferencia legal de los derechos y responsabilidades parentales de los padres biol\u00f3gicos (o tutores) a los padres adoptivos. Es una opci\u00f3n permanente para todos.  <\/p>\n\n<p>La madre biol\u00f3gica (y el padre, si lo hay) nunca deben pagar por los servicios de adopci\u00f3n. En algunos casos, una futura madre puede incluso recibir ayuda para servicios relacionados con el embarazo, como alquiler, gastos m\u00e9dicos y transporte durante el embarazo.<\/p>\n\n<h2 class=\"wp-block-heading\">Tipos de adopci\u00f3n<\/h2>\n\n<p>Existen tres planes de adopci\u00f3n principales: abierto, semiabierto y cerrado. El grado de contacto que desee tener con los padres adoptivos y su hijo durante y despu\u00e9s del proceso determina qu\u00e9 plan es el m\u00e1s adecuado para usted.  <\/p>\n\n<h3 class=\"wp-block-heading\">Adopci\u00f3n abierta<\/h3>\n\n<p>Con un plan de adopci\u00f3n abierta, la madre biol\u00f3gica (y el padre, si quiere participar) elige a la posible pareja adoptiva. Visualizan varias biograf\u00edas con fotos e informaci\u00f3n sobre cada pareja.  <\/p>\n\n<p>Una vez emparejados, se intercambian datos identificativos como nombres completos, direcciones y n\u00fameros de tel\u00e9fono. Pod\u00e9is conoceros antes de dar a luz. Juntos deciden la cantidad y el tipo de contacto que desean mantener.<\/p>\n\n<h3 class=\"wp-block-heading\">Adopci\u00f3n semiabierta<\/h3>\n\n<p>En las adopciones semiabiertas, eliges a los padres adoptivos entre distintas biograf\u00edas, pero s\u00f3lo os conoc\u00e9is por el nombre de pila. Un tercero, como el coordinador de su agencia de adopci\u00f3n u otro especialista en adopci\u00f3n, se encarga de sus contactos.  <\/p>\n\n<h3 class=\"wp-block-heading\">Adopci\u00f3n cerrada<\/h3>\n\n<p>En un plan de adopci\u00f3n cerrado, no conocer\u00e1s ni tendr\u00e1s contacto con los padres adoptivos. Esta opci\u00f3n mantiene tu identidad y la de ellos completamente privadas. Los tribunales sellan el certificado de nacimiento original, y no ten\u00e9is m\u00e1s comunicaci\u00f3n entre vosotros.<\/p>\n\n<h2 class=\"wp-block-heading\">M\u00e1s informaci\u00f3n sobre el proceso de adopci\u00f3n<\/h2>\n\n<p>Podemos hablar con usted con m\u00e1s detalle sobre el asesoramiento individual y otros recursos disponibles mientras considera la adopci\u00f3n. Tambi\u00e9n podemos remitirle a agencias de adopci\u00f3n acreditadas de nuestra zona.  <\/p>\n\n<p>La adopci\u00f3n puede ser dif\u00edcil, pero a veces las decisiones m\u00e1s dif\u00edciles que tomamos en la vida son las mejores que hemos tomado.<\/p>\n\n<p>La informaci\u00f3n presentada en este sitio web est\u00e1 destinada exclusivamente a la educaci\u00f3n general y no debe utilizarse como sustituto del asesoramiento profesional o m\u00e9dico.<\/p>\n","protected":false},"excerpt":{"rendered":"<p>Una opci\u00f3n que quiz\u00e1 no se haya planteado es dar a su hijo en adopci\u00f3n. Con un plan de adopci\u00f3n abierta, usted elige a los padres adoptivos tras examinar detenidamente las posibles parejas adoptivas. Inf\u00f3rmese sobre los distintos planes de adopci\u00f3n y c\u00f3mo puede recibir normalmente ayuda relacionada con el embarazo.<\/p>\n","protected":false},"author":1,"featured_media":844,"parent":859,"menu_order":0,"comment_status":"closed","ping_status":"closed","template":"","meta":{"_acf_changed":false,"footnotes":""},"class_list":["post-866","page","type-page","status-publish","has-post-thumbnail","hentry"],"acf":[],"yoast_head":"<!-- This site is optimized with the Yoast SEO plugin v27.3 - https:\/\/yoast.com\/product\/yoast-seo-wordpress\/ -->\n<title>Adopci\u00f3n | You Medical<\/title>\n<meta name=\"description\" content=\"Read more about Adopci\u00f3n. You Medical offers free pregnancy services. Contact us.\" \/>\n<meta name=\"robots\" content=\"index, follow, max-snippet:-1, max-image-preview:large, max-video-preview:-1\" \/>\n<link rel=\"canonical\" href=\"https:\/\/youmedical.org\/es\/opciones\/adopcion\/\" \/>\n<meta property=\"og:locale\" content=\"es_ES\" \/>\n<meta property=\"og:type\" content=\"article\" \/>\n<meta property=\"og:title\" content=\"Adopci\u00f3n | You Medical\" \/>\n<meta property=\"og:description\" content=\"Read more about Adopci\u00f3n. You Medical offers free pregnancy services. Contact us.\" \/>\n<meta property=\"og:url\" content=\"https:\/\/youmedical.org\/es\/opciones\/adopcion\/\" \/>\n<meta property=\"og:site_name\" content=\"You Medical\" \/>\n<meta property=\"article:modified_time\" content=\"2024-01-09T05:35:50+00:00\" \/>\n<meta property=\"og:image\" content=\"https:\/\/youmedical.org\/wp-content\/uploads\/2023\/03\/Adoption-You-Medical-e1678427507804.jpg\" \/>\n\t<meta property=\"og:image:width\" content=\"1585\" \/>\n\t<meta property=\"og:image:height\" content=\"1585\" \/>\n\t<meta property=\"og:image:type\" content=\"image\/jpeg\" \/>\n<meta name=\"twitter:card\" content=\"summary_large_image\" \/>\n<meta name=\"twitter:label1\" content=\"Tiempo de lectura\" \/>\n\t<meta name=\"twitter:data1\" content=\"2 minutos\" \/>\n<!-- \/ Yoast SEO plugin. -->","yoast_head_json":{"title":"Adopci\u00f3n | You Medical","description":"Read more about Adopci\u00f3n. You Medical offers free pregnancy services. Contact us.","robots":{"index":"index","follow":"follow","max-snippet":"max-snippet:-1","max-image-preview":"max-image-preview:large","max-video-preview":"max-video-preview:-1"},"canonical":"https:\/\/youmedical.org\/es\/opciones\/adopcion\/","og_locale":"es_ES","og_type":"article","og_title":"Adopci\u00f3n | You Medical","og_description":"Read more about Adopci\u00f3n. You Medical offers free pregnancy services. Contact us.","og_url":"https:\/\/youmedical.org\/es\/opciones\/adopcion\/","og_site_name":"You Medical","article_modified_time":"2024-01-09T05:35:50+00:00","og_image":[{"width":1585,"height":1585,"url":"https:\/\/youmedical.org\/wp-content\/uploads\/2023\/03\/Adoption-You-Medical-e1678427507804.jpg","type":"image\/jpeg"}],"twitter_card":"summary_large_image","twitter_misc":{"Tiempo de lectura":"2 minutos"},"schema":{"@context":"https:\/\/schema.org","@graph":[{"@type":"WebPage","@id":"https:\/\/youmedical.org\/es\/opciones\/adopcion\/","url":"https:\/\/youmedical.org\/es\/opciones\/adopcion\/","name":"Adopci\u00f3n | You Medical","isPartOf":{"@id":"https:\/\/youmedical.org\/#website"},"primaryImageOfPage":{"@id":"https:\/\/youmedical.org\/es\/opciones\/adopcion\/#primaryimage"},"image":{"@id":"https:\/\/youmedical.org\/es\/opciones\/adopcion\/#primaryimage"},"thumbnailUrl":"https:\/\/youmedical.org\/wp-content\/uploads\/2023\/03\/Adoption-You-Medical-e1678427507804.jpg","datePublished":"2021-05-27T13:32:41+00:00","dateModified":"2024-01-09T05:35:50+00:00","description":"Read more about Adopci\u00f3n. You Medical offers free pregnancy services. Contact us.","breadcrumb":{"@id":"https:\/\/youmedical.org\/es\/opciones\/adopcion\/#breadcrumb"},"inLanguage":"es","potentialAction":[{"@type":"ReadAction","target":["https:\/\/youmedical.org\/es\/opciones\/adopcion\/"]}]},{"@type":"ImageObject","inLanguage":"es","@id":"https:\/\/youmedical.org\/es\/opciones\/adopcion\/#primaryimage","url":"https:\/\/youmedical.org\/wp-content\/uploads\/2023\/03\/Adoption-You-Medical-e1678427507804.jpg","contentUrl":"https:\/\/youmedical.org\/wp-content\/uploads\/2023\/03\/Adoption-You-Medical-e1678427507804.jpg","width":1585,"height":1585},{"@type":"BreadcrumbList","@id":"https:\/\/youmedical.org\/es\/opciones\/adopcion\/#breadcrumb","itemListElement":[{"@type":"ListItem","position":1,"name":"Home","item":"https:\/\/youmedical.org\/es\/"},{"@type":"ListItem","position":2,"name":"Opciones","item":"https:\/\/youmedical.org\/es\/opciones\/"},{"@type":"ListItem","position":3,"name":"Adopci\u00f3n"}]},{"@type":"WebSite","@id":"https:\/\/youmedical.org\/#website","url":"https:\/\/youmedical.org\/","name":"You Medical","description":"","potentialAction":[{"@type":"SearchAction","target":{"@type":"EntryPoint","urlTemplate":"https:\/\/youmedical.org\/?s={search_term_string}"},"query-input":{"@type":"PropertyValueSpecification","valueRequired":true,"valueName":"search_term_string"}}],"inLanguage":"es"}]}},"_links":{"self":[{"href":"https:\/\/youmedical.org\/es\/wp-json\/wp\/v2\/pages\/866","targetHints":{"allow":["GET"]}}],"collection":[{"href":"https:\/\/youmedical.org\/es\/wp-json\/wp\/v2\/pages"}],"about":[{"href":"https:\/\/youmedical.org\/es\/wp-json\/wp\/v2\/types\/page"}],"author":[{"embeddable":true,"href":"https:\/\/youmedical.org\/es\/wp-json\/wp\/v2\/users\/1"}],"replies":[{"embeddable":true,"href":"https:\/\/youmedical.org\/es\/wp-json\/wp\/v2\/comments?post=866"}],"version-history":[{"count":4,"href":"https:\/\/youmedical.org\/es\/wp-json\/wp\/v2\/pages\/866\/revisions"}],"predecessor-version":[{"id":1126,"href":"https:\/\/youmedical.org\/es\/wp-json\/wp\/v2\/pages\/866\/revisions\/1126"}],"up":[{"embeddable":true,"href":"https:\/\/youmedical.org\/es\/wp-json\/wp\/v2\/pages\/859"}],"wp:featuredmedia":[{"embeddable":true,"href":"https:\/\/youmedical.org\/es\/wp-json\/wp\/v2\/media\/844"}],"wp:attachment":[{"href":"https:\/\/youmedical.org\/es\/wp-json\/wp\/v2\/media?parent=866"}],"curies":[{"name":"wp","href":"https:\/\/api.w.org\/{rel}","templated":true}]}}