{"id":856,"date":"2021-05-27T06:40:53","date_gmt":"2021-05-27T13:40:53","guid":{"rendered":"https:\/\/youmedical.org\/cita-previa\/"},"modified":"2025-04-23T09:55:14","modified_gmt":"2025-04-23T16:55:14","slug":"cita-previa","status":"publish","type":"page","link":"https:\/\/youmedical.org\/es\/cita-previa\/","title":{"rendered":"Cita previa"},"content":{"rendered":"\n<p class=\"has-text-align-center\">Si necesita confirmaci\u00f3n de embarazo, pruebas de ETS o simplemente un hombro en el que apoyarse, estamos aqu\u00ed para usted. Nuestros servicios son gratuitos y totalmente confidenciales. Vis\u00edtenos en nuestro horario habitual o llame a nuestro tel\u00e9fono de ayuda fuera del horario de atenci\u00f3n al 1-800-712-4357 o env\u00ede un mensaje de texto al 313131. En You Medical, usted es nuestra primera prioridad.<\/p>\n","protected":false},"excerpt":{"rendered":"<p>Si necesita confirmaci\u00f3n de embarazo, pruebas de ETS o simplemente un hombro en el que apoyarse, estamos aqu\u00ed para usted. Nuestros servicios son gratuitos y totalmente confidenciales. Vis\u00edtenos en nuestro horario habitual o llame a nuestro tel\u00e9fono de ayuda fuera del horario de atenci\u00f3n al 1-800-712-4357 o env\u00ede un mensaje de texto al 313131. En<\/p>\n","protected":false},"author":1,"featured_media":0,"parent":0,"menu_order":0,"comment_status":"closed","ping_status":"closed","template":"views\/template-contact.blade.php","meta":{"_acf_changed":false,"footnotes":""},"class_list":["post-856","page","type-page","status-publish","hentry"],"acf":[],"yoast_head":"<!-- This site is optimized with the Yoast SEO plugin v27.3 - https:\/\/yoast.com\/product\/yoast-seo-wordpress\/ -->\n<title>Cita previa | You Medical<\/title>\n<meta name=\"description\" content=\"Obt\u00e9n detalles de las citas. You Medical ofrece servicios gratuitos para embarazadas. P\u00f3ngase en contacto con nosotros.\" \/>\n<meta name=\"robots\" content=\"index, follow, max-snippet:-1, max-image-preview:large, max-video-preview:-1\" \/>\n<link rel=\"canonical\" href=\"https:\/\/youmedical.org\/es\/cita-previa\/\" \/>\n<meta property=\"og:locale\" content=\"es_ES\" \/>\n<meta property=\"og:type\" content=\"article\" \/>\n<meta property=\"og:title\" content=\"Cita previa | You Medical\" \/>\n<meta property=\"og:description\" content=\"Obt\u00e9n detalles de las citas. You Medical ofrece servicios gratuitos para embarazadas. P\u00f3ngase en contacto con nosotros.\" \/>\n<meta property=\"og:url\" content=\"https:\/\/youmedical.org\/es\/cita-previa\/\" \/>\n<meta property=\"og:site_name\" content=\"You Medical\" \/>\n<meta property=\"article:modified_time\" content=\"2025-04-23T16:55:14+00:00\" \/>\n<meta name=\"twitter:card\" content=\"summary_large_image\" \/>\n<!-- \/ Yoast SEO plugin. -->","yoast_head_json":{"title":"Cita previa | You Medical","description":"Obt\u00e9n detalles de las citas. You Medical ofrece servicios gratuitos para embarazadas. P\u00f3ngase en contacto con nosotros.","robots":{"index":"index","follow":"follow","max-snippet":"max-snippet:-1","max-image-preview":"max-image-preview:large","max-video-preview":"max-video-preview:-1"},"canonical":"https:\/\/youmedical.org\/es\/cita-previa\/","og_locale":"es_ES","og_type":"article","og_title":"Cita previa | You Medical","og_description":"Obt\u00e9n detalles de las citas. You Medical ofrece servicios gratuitos para embarazadas. P\u00f3ngase en contacto con nosotros.","og_url":"https:\/\/youmedical.org\/es\/cita-previa\/","og_site_name":"You Medical","article_modified_time":"2025-04-23T16:55:14+00:00","twitter_card":"summary_large_image","schema":{"@context":"https:\/\/schema.org","@graph":[{"@type":"WebPage","@id":"https:\/\/youmedical.org\/es\/cita-previa\/","url":"https:\/\/youmedical.org\/es\/cita-previa\/","name":"Cita previa | You Medical","isPartOf":{"@id":"https:\/\/youmedical.org\/#website"},"datePublished":"2021-05-27T13:40:53+00:00","dateModified":"2025-04-23T16:55:14+00:00","description":"Obt\u00e9n detalles de las citas. You Medical ofrece servicios gratuitos para embarazadas. P\u00f3ngase en contacto con nosotros.","breadcrumb":{"@id":"https:\/\/youmedical.org\/es\/cita-previa\/#breadcrumb"},"inLanguage":"es","potentialAction":[{"@type":"ReadAction","target":["https:\/\/youmedical.org\/es\/cita-previa\/"]}]},{"@type":"BreadcrumbList","@id":"https:\/\/youmedical.org\/es\/cita-previa\/#breadcrumb","itemListElement":[{"@type":"ListItem","position":1,"name":"Home","item":"https:\/\/youmedical.org\/es\/"},{"@type":"ListItem","position":2,"name":"Cita previa"}]},{"@type":"WebSite","@id":"https:\/\/youmedical.org\/#website","url":"https:\/\/youmedical.org\/","name":"You Medical","description":"","potentialAction":[{"@type":"SearchAction","target":{"@type":"EntryPoint","urlTemplate":"https:\/\/youmedical.org\/?s={search_term_string}"},"query-input":{"@type":"PropertyValueSpecification","valueRequired":true,"valueName":"search_term_string"}}],"inLanguage":"es"}]}},"_links":{"self":[{"href":"https:\/\/youmedical.org\/es\/wp-json\/wp\/v2\/pages\/856","targetHints":{"allow":["GET"]}}],"collection":[{"href":"https:\/\/youmedical.org\/es\/wp-json\/wp\/v2\/pages"}],"about":[{"href":"https:\/\/youmedical.org\/es\/wp-json\/wp\/v2\/types\/page"}],"author":[{"embeddable":true,"href":"https:\/\/youmedical.org\/es\/wp-json\/wp\/v2\/users\/1"}],"replies":[{"embeddable":true,"href":"https:\/\/youmedical.org\/es\/wp-json\/wp\/v2\/comments?post=856"}],"version-history":[{"count":1,"href":"https:\/\/youmedical.org\/es\/wp-json\/wp\/v2\/pages\/856\/revisions"}],"predecessor-version":[{"id":1351,"href":"https:\/\/youmedical.org\/es\/wp-json\/wp\/v2\/pages\/856\/revisions\/1351"}],"wp:attachment":[{"href":"https:\/\/youmedical.org\/es\/wp-json\/wp\/v2\/media?parent=856"}],"curies":[{"name":"wp","href":"https:\/\/api.w.org\/{rel}","templated":true}]}}